{"id":13140,"date":"2023-11-28T11:12:37","date_gmt":"2023-11-28T14:12:37","guid":{"rendered":"https:\/\/arielpirotti.com\/?page_id=13140"},"modified":"2023-11-28T12:02:30","modified_gmt":"2023-11-28T15:02:30","slug":"troilo-inedito","status":"publish","type":"page","link":"https:\/\/arielpirotti.com\/en\/discografia\/troilo-inedito\/","title":{"rendered":"Troilo In\u00e9dito"},"content":{"rendered":"<div data-elementor-type=\"wp-page\" data-elementor-id=\"13140\" class=\"elementor elementor-13140\">\n\t\t\t\t\t\t<section class=\"elementor-section elementor-top-section elementor-element elementor-element-9060da0 elementor-section-boxed elementor-section-height-default elementor-section-height-default\" data-id=\"9060da0\" data-element_type=\"section\" data-e-type=\"section\">\n\t\t\t\t\t\t<div class=\"elementor-container elementor-column-gap-extended\">\n\t\t\t\t\t<div class=\"elementor-column elementor-col-50 elementor-top-column elementor-element elementor-element-3ec94d6\" data-id=\"3ec94d6\" data-element_type=\"column\" data-e-type=\"column\">\n\t\t\t<div class=\"elementor-widget-wrap elementor-element-populated\">\n\t\t\t\t\t\t<div class=\"elementor-element elementor-element-3f5c1b2 elementor-widget elementor-widget-image\" data-id=\"3f5c1b2\" data-element_type=\"widget\" data-e-type=\"widget\" data-widget_type=\"image.default\">\n\t\t\t\t<div class=\"elementor-widget-container\">\n\t\t\t\t\t\t\t\t\t\t\t\t\t\t\t<img fetchpriority=\"high\" decoding=\"async\" width=\"768\" height=\"768\" src=\"https:\/\/arielpirotti.com\/wp-content\/uploads\/2023\/11\/troilo-inedito-768x768.webp\" class=\"attachment-medium_large size-medium_large wp-image-13142\" alt=\"\" srcset=\"https:\/\/arielpirotti.com\/wp-content\/uploads\/2023\/11\/troilo-inedito-768x768.webp 768w, https:\/\/arielpirotti.com\/wp-content\/uploads\/2023\/11\/troilo-inedito-600x600.webp 600w, https:\/\/arielpirotti.com\/wp-content\/uploads\/2023\/11\/troilo-inedito-1024x1024.webp 1024w, https:\/\/arielpirotti.com\/wp-content\/uploads\/2023\/11\/troilo-inedito-260x260.webp 260w, https:\/\/arielpirotti.com\/wp-content\/uploads\/2023\/11\/troilo-inedito-12x12.webp 12w, https:\/\/arielpirotti.com\/wp-content\/uploads\/2023\/11\/troilo-inedito-570x570.webp 570w, https:\/\/arielpirotti.com\/wp-content\/uploads\/2023\/11\/troilo-inedito-500x500.webp 500w, https:\/\/arielpirotti.com\/wp-content\/uploads\/2023\/11\/troilo-inedito-550x550.webp 550w, https:\/\/arielpirotti.com\/wp-content\/uploads\/2023\/11\/troilo-inedito-700x700.webp 700w, https:\/\/arielpirotti.com\/wp-content\/uploads\/2023\/11\/elementor\/thumbs\/troilo-inedito-qg12dnfcej00i2dgemo7wh4q8mjb8o26spzfj68ckg.webp 400w, https:\/\/arielpirotti.com\/wp-content\/uploads\/2023\/11\/troilo-inedito-300x300.webp 300w, https:\/\/arielpirotti.com\/wp-content\/uploads\/2023\/11\/troilo-inedito-100x100.webp 100w, https:\/\/arielpirotti.com\/wp-content\/uploads\/2023\/11\/troilo-inedito.webp 1200w\" sizes=\"(max-width: 768px) 100vw, 768px\" \/>\t\t\t\t\t\t\t\t\t\t\t\t\t\t\t<\/div>\n\t\t\t\t<\/div>\n\t\t\t\t<div class=\"elementor-element elementor-element-508dd2a elementor-widget elementor-widget-spacer\" data-id=\"508dd2a\" data-element_type=\"widget\" data-e-type=\"widget\" data-widget_type=\"spacer.default\">\n\t\t\t\t<div class=\"elementor-widget-container\">\n\t\t\t\t\t\t\t<div class=\"elementor-spacer\">\n\t\t\t<div class=\"elementor-spacer-inner\"><\/div>\n\t\t<\/div>\n\t\t\t\t\t\t<\/div>\n\t\t\t\t<\/div>\n\t\t\t\t<div class=\"elementor-element elementor-element-436ec45 elementor-widget elementor-widget-heading\" data-id=\"436ec45\" data-element_type=\"widget\" data-e-type=\"widget\" data-widget_type=\"heading.default\">\n\t\t\t\t<div class=\"elementor-widget-container\">\n\t\t\t\t\t<p class=\"elementor-heading-title elementor-size-default\"><b>Artist:<\/b> Orquesta de Tango de la UNA<\/p>\t\t\t\t<\/div>\n\t\t\t\t<\/div>\n\t\t\t\t<div class=\"elementor-element elementor-element-9a3aff1 elementor-widget elementor-widget-heading\" data-id=\"9a3aff1\" data-element_type=\"widget\" data-e-type=\"widget\" data-widget_type=\"heading.default\">\n\t\t\t\t<div class=\"elementor-widget-container\">\n\t\t\t\t\t<p class=\"elementor-heading-title elementor-size-default\"><b>Title:<\/b> Troilo In\u00e9dito<\/p>\t\t\t\t<\/div>\n\t\t\t\t<\/div>\n\t\t\t\t<div class=\"elementor-element elementor-element-10ae239 elementor-widget elementor-widget-heading\" data-id=\"10ae239\" data-element_type=\"widget\" data-e-type=\"widget\" data-widget_type=\"heading.default\">\n\t\t\t\t<div class=\"elementor-widget-container\">\n\t\t\t\t\t<p class=\"elementor-heading-title elementor-size-default\"><b>Release Date:<\/b> Octubre 27, 2023<\/p>\t\t\t\t<\/div>\n\t\t\t\t<\/div>\n\t\t\t\t<div class=\"elementor-element elementor-element-bea97a6 elementor-widget elementor-widget-heading\" data-id=\"bea97a6\" data-element_type=\"widget\" data-e-type=\"widget\" data-widget_type=\"heading.default\">\n\t\t\t\t<div class=\"elementor-widget-container\">\n\t\t\t\t\t<p class=\"elementor-heading-title elementor-size-default\"><b>Label<\/b> PRODAMUS<\/p>\t\t\t\t<\/div>\n\t\t\t\t<\/div>\n\t\t\t\t<div class=\"elementor-element elementor-element-6ef1038 elementor-widget elementor-widget-heading\" data-id=\"6ef1038\" data-element_type=\"widget\" data-e-type=\"widget\" data-widget_type=\"heading.default\">\n\t\t\t\t<div class=\"elementor-widget-container\">\n\t\t\t\t\t<p class=\"elementor-heading-title elementor-size-default\"><b>Format<\/b> CD<\/p>\t\t\t\t<\/div>\n\t\t\t\t<\/div>\n\t\t\t\t\t<\/div>\n\t\t<\/div>\n\t\t\t\t<div class=\"elementor-column elementor-col-50 elementor-top-column elementor-element elementor-element-bb33e8d\" data-id=\"bb33e8d\" data-element_type=\"column\" data-e-type=\"column\">\n\t\t\t<div class=\"elementor-widget-wrap elementor-element-populated\">\n\t\t\t\t\t\t<div class=\"elementor-element elementor-element-ad52aef elementor-widget elementor-widget-heading\" data-id=\"ad52aef\" data-element_type=\"widget\" data-e-type=\"widget\" data-widget_type=\"heading.default\">\n\t\t\t\t<div class=\"elementor-widget-container\">\n\t\t\t\t\t<h2 class=\"elementor-heading-title elementor-size-default\">Troilo In\u00e9dito<\/h2>\t\t\t\t<\/div>\n\t\t\t\t<\/div>\n\t\t\t\t<div class=\"elementor-element elementor-element-d773018 elementor-widget elementor-widget-heading\" data-id=\"d773018\" data-element_type=\"widget\" data-e-type=\"widget\" data-widget_type=\"heading.default\">\n\t\t\t\t<div class=\"elementor-widget-container\">\n\t\t\t\t\t<p class=\"elementor-heading-title elementor-size-default\">La Orquesta de Tango del Damus\/UNA en conjunto con el Instituto de Investigaci\u00f3n en Etnomusicolog\u00eda y la Direcci\u00f3n General de Ense\u00f1anza Art\u00edstica presentan \u201cTroilo In\u00e9dito\u201d un EP con la grabaci\u00f3n de tres arreglos in\u00e9ditos que Astor Piazzolla escribi\u00f3 para Anibal Troilo. El mismo cuenta con la participaci\u00f3n especial de los cantantes Guillermo Fern\u00e1ndez y Lautaro Mazza. La Orquesta de Tango de la UNA, bajo la direcci\u00f3n de Ariel Pirotti, est\u00e1 integrada por m\u00fasicos muy j\u00f3venes y estudiantes.<br><br>Los manuscritos originales de la orquesta de Troilo fueron donados por Francisco Torn\u00e9, en representaci\u00f3n de la familia Troilo, al Instituto de Investigaci\u00f3n en Etnomusicolog\u00eda (IIEt) para su sistematizacio\u00ecn, catalogacio\u00ecn y difusio\u00ecn. Las tareas de transcripci\u00f3n y an\u00e1lisis musical emprendidas en el IIEt fueron realizadas por Andr\u00e9s Serafini y la coordinaci\u00f3n del proyecto estuvo a cargo de Soledad Venegas.<\/p>\t\t\t\t<\/div>\n\t\t\t\t<\/div>\n\t\t\t\t<section class=\"elementor-section elementor-inner-section elementor-element elementor-element-234cd62 elementor-section-boxed elementor-section-height-default elementor-section-height-default\" data-id=\"234cd62\" data-element_type=\"section\" data-e-type=\"section\">\n\t\t\t\t\t\t<div class=\"elementor-container elementor-column-gap-default\">\n\t\t\t\t\t<div class=\"elementor-column elementor-col-25 elementor-inner-column elementor-element elementor-element-7e1e9ab\" data-id=\"7e1e9ab\" data-element_type=\"column\" data-e-type=\"column\">\n\t\t\t<div class=\"elementor-widget-wrap elementor-element-populated\">\n\t\t\t\t\t\t<div class=\"elementor-element elementor-element-bb4f07c elementor-align-center elementor-widget elementor-widget-button\" data-id=\"bb4f07c\" data-element_type=\"widget\" data-e-type=\"widget\" data-widget_type=\"button.default\">\n\t\t\t\t<div class=\"elementor-widget-container\">\n\t\t\t\t\t\t\t\t\t<div class=\"elementor-button-wrapper\">\n\t\t\t\t\t<a class=\"elementor-button elementor-button-link elementor-size-md\" href=\"https:\/\/open.spotify.com\/intl-es\/album\/0tU3f25c3zEC58GbMrUTVQ?si=VMy6O5ecQNieO9Oz4cMyfg\" target=\"_blank\">\n\t\t\t\t\t\t<span class=\"elementor-button-content-wrapper\">\n\t\t\t\t\t\t<span class=\"elementor-button-icon\">\n\t\t\t\t<i aria-hidden=\"true\" class=\"fab fa-spotify\"><\/i>\t\t\t<\/span>\n\t\t\t\t\t\t\t\t<\/span>\n\t\t\t\t\t<\/a>\n\t\t\t\t<\/div>\n\t\t\t\t\t\t\t\t<\/div>\n\t\t\t\t<\/div>\n\t\t\t\t\t<\/div>\n\t\t<\/div>\n\t\t\t\t<div class=\"elementor-column elementor-col-25 elementor-inner-column elementor-element elementor-element-6aca755\" data-id=\"6aca755\" data-element_type=\"column\" data-e-type=\"column\">\n\t\t\t<div class=\"elementor-widget-wrap\">\n\t\t\t\t\t\t\t<\/div>\n\t\t<\/div>\n\t\t\t\t<div class=\"elementor-column elementor-col-25 elementor-inner-column elementor-element elementor-element-451c457\" data-id=\"451c457\" data-element_type=\"column\" data-e-type=\"column\">\n\t\t\t<div class=\"elementor-widget-wrap\">\n\t\t\t\t\t\t\t<\/div>\n\t\t<\/div>\n\t\t\t\t<div class=\"elementor-column elementor-col-25 elementor-inner-column elementor-element elementor-element-6dcb307\" data-id=\"6dcb307\" data-element_type=\"column\" data-e-type=\"column\">\n\t\t\t<div class=\"elementor-widget-wrap\">\n\t\t\t\t\t\t\t<\/div>\n\t\t<\/div>\n\t\t\t\t\t<\/div>\n\t\t<\/section>\n\t\t\t\t\t<\/div>\n\t\t<\/div>\n\t\t\t\t\t<\/div>\n\t\t<\/section>\n\t\t\t\t<\/div>","protected":false},"excerpt":{"rendered":"<p>Artista: Orquesta de Tango de la UNA T\u00edtulo: Troilo In\u00e9dito Lanzamiento: Octubre 27, 2023 Sello: PRODAMUS Formato: CD Troilo In\u00e9dito La Orquesta de Tango del Damus\/UNA en conjunto con el Instituto de Investigaci\u00f3n en Etnomusicolog\u00eda y la Direcci\u00f3n General de Ense\u00f1anza Art\u00edstica presentan \u201cTroilo In\u00e9dito\u201d un EP con la grabaci\u00f3n de tres arreglos in\u00e9ditos que&#8230;<\/p>\n<p><a rel=\"bookmark\" class=\"decibel-button-text wvc-button wvc-button-size-sm\" href=\"https:\/\/arielpirotti.com\/en\/discografia\/troilo-inedito\/\"><small class=\"wvc-button-background-fill\"><\/small><span>continue reading<\/span><\/a><\/p>","protected":false},"author":3,"featured_media":13142,"parent":2260,"menu_order":0,"comment_status":"closed","ping_status":"closed","template":"elementor_header_footer","meta":{"footnotes":""},"class_list":{"0":"post-13140","1":"page","2":"type-page","3":"status-publish","4":"has-post-thumbnail","5":"hentry","6":"entry","7":"clearfix","8":"entry-grid","9":"entry-columns-default","10":"entry-page-module-layout-standard","11":"thumbnail-color-tone-dark","12":"entry-page","14":"entry-page-grid"},"_links":{"self":[{"href":"https:\/\/arielpirotti.com\/en\/wp-json\/wp\/v2\/pages\/13140","targetHints":{"allow":["GET"]}}],"collection":[{"href":"https:\/\/arielpirotti.com\/en\/wp-json\/wp\/v2\/pages"}],"about":[{"href":"https:\/\/arielpirotti.com\/en\/wp-json\/wp\/v2\/types\/page"}],"author":[{"embeddable":true,"href":"https:\/\/arielpirotti.com\/en\/wp-json\/wp\/v2\/users\/3"}],"replies":[{"embeddable":true,"href":"https:\/\/arielpirotti.com\/en\/wp-json\/wp\/v2\/comments?post=13140"}],"version-history":[{"count":14,"href":"https:\/\/arielpirotti.com\/en\/wp-json\/wp\/v2\/pages\/13140\/revisions"}],"predecessor-version":[{"id":13168,"href":"https:\/\/arielpirotti.com\/en\/wp-json\/wp\/v2\/pages\/13140\/revisions\/13168"}],"up":[{"embeddable":true,"href":"https:\/\/arielpirotti.com\/en\/wp-json\/wp\/v2\/pages\/2260"}],"wp:featuredmedia":[{"embeddable":true,"href":"https:\/\/arielpirotti.com\/en\/wp-json\/wp\/v2\/media\/13142"}],"wp:attachment":[{"href":"https:\/\/arielpirotti.com\/en\/wp-json\/wp\/v2\/media?parent=13140"}],"curies":[{"name":"wp","href":"https:\/\/api.w.org\/{rel}","templated":true}]}}