{"id":15185,"date":"2024-07-01T12:09:26","date_gmt":"2024-07-01T15:09:26","guid":{"rendered":"https:\/\/arielpirotti.com\/?page_id=15185"},"modified":"2024-07-01T12:12:55","modified_gmt":"2024-07-01T15:12:55","slug":"roce-de-partida","status":"publish","type":"page","link":"https:\/\/arielpirotti.com\/en\/discografia\/roce-de-partida\/","title":{"rendered":"Roce de Partida"},"content":{"rendered":"<div data-elementor-type=\"wp-page\" data-elementor-id=\"15185\" class=\"elementor elementor-15185\">\n\t\t\t\t\t\t<section class=\"elementor-section elementor-top-section elementor-element elementor-element-9060da0 elementor-section-boxed elementor-section-height-default elementor-section-height-default\" data-id=\"9060da0\" data-element_type=\"section\" data-e-type=\"section\">\n\t\t\t\t\t\t<div class=\"elementor-container elementor-column-gap-extended\">\n\t\t\t\t\t<div class=\"elementor-column elementor-col-50 elementor-top-column elementor-element elementor-element-3ec94d6\" data-id=\"3ec94d6\" data-element_type=\"column\" data-e-type=\"column\">\n\t\t\t<div class=\"elementor-widget-wrap elementor-element-populated\">\n\t\t\t\t\t\t<div class=\"elementor-element elementor-element-3f5c1b2 elementor-widget elementor-widget-image\" data-id=\"3f5c1b2\" data-element_type=\"widget\" data-e-type=\"widget\" data-widget_type=\"image.default\">\n\t\t\t\t<div class=\"elementor-widget-container\">\n\t\t\t\t\t\t\t\t\t\t\t\t\t\t\t<img fetchpriority=\"high\" decoding=\"async\" width=\"768\" height=\"768\" src=\"https:\/\/arielpirotti.com\/wp-content\/uploads\/2024\/07\/Roce-de-partida_Ensamble-Tango-XXI-768x768.webp\" class=\"attachment-medium_large size-medium_large wp-image-15184\" alt=\"\" srcset=\"https:\/\/arielpirotti.com\/wp-content\/uploads\/2024\/07\/Roce-de-partida_Ensamble-Tango-XXI-768x768.webp 768w, https:\/\/arielpirotti.com\/wp-content\/uploads\/2024\/07\/Roce-de-partida_Ensamble-Tango-XXI-600x600.webp 600w, https:\/\/arielpirotti.com\/wp-content\/uploads\/2024\/07\/Roce-de-partida_Ensamble-Tango-XXI-1024x1024.webp 1024w, https:\/\/arielpirotti.com\/wp-content\/uploads\/2024\/07\/Roce-de-partida_Ensamble-Tango-XXI-260x260.webp 260w, https:\/\/arielpirotti.com\/wp-content\/uploads\/2024\/07\/Roce-de-partida_Ensamble-Tango-XXI-12x12.webp 12w, https:\/\/arielpirotti.com\/wp-content\/uploads\/2024\/07\/Roce-de-partida_Ensamble-Tango-XXI-570x570.webp 570w, https:\/\/arielpirotti.com\/wp-content\/uploads\/2024\/07\/Roce-de-partida_Ensamble-Tango-XXI-500x500.webp 500w, https:\/\/arielpirotti.com\/wp-content\/uploads\/2024\/07\/Roce-de-partida_Ensamble-Tango-XXI-550x550.webp 550w, https:\/\/arielpirotti.com\/wp-content\/uploads\/2024\/07\/Roce-de-partida_Ensamble-Tango-XXI-700x700.webp 700w, https:\/\/arielpirotti.com\/wp-content\/uploads\/2024\/07\/elementor\/thumbs\/Roce-de-partida_Ensamble-Tango-XXI-qqh45wai3kfppyf9v9zofbcn7bwza3gexz6soic4gw.webp 400w, https:\/\/arielpirotti.com\/wp-content\/uploads\/2024\/07\/Roce-de-partida_Ensamble-Tango-XXI-300x300.webp 300w, https:\/\/arielpirotti.com\/wp-content\/uploads\/2024\/07\/Roce-de-partida_Ensamble-Tango-XXI-100x100.webp 100w, https:\/\/arielpirotti.com\/wp-content\/uploads\/2024\/07\/Roce-de-partida_Ensamble-Tango-XXI.webp 1080w\" sizes=\"(max-width: 768px) 100vw, 768px\" \/>\t\t\t\t\t\t\t\t\t\t\t\t\t\t\t<\/div>\n\t\t\t\t<\/div>\n\t\t\t\t<div class=\"elementor-element elementor-element-508dd2a elementor-widget elementor-widget-spacer\" data-id=\"508dd2a\" data-element_type=\"widget\" data-e-type=\"widget\" data-widget_type=\"spacer.default\">\n\t\t\t\t<div class=\"elementor-widget-container\">\n\t\t\t\t\t\t\t<div class=\"elementor-spacer\">\n\t\t\t<div class=\"elementor-spacer-inner\"><\/div>\n\t\t<\/div>\n\t\t\t\t\t\t<\/div>\n\t\t\t\t<\/div>\n\t\t\t\t<div class=\"elementor-element elementor-element-436ec45 elementor-widget elementor-widget-heading\" data-id=\"436ec45\" data-element_type=\"widget\" data-e-type=\"widget\" data-widget_type=\"heading.default\">\n\t\t\t\t<div class=\"elementor-widget-container\">\n\t\t\t\t\t<p class=\"elementor-heading-title elementor-size-default\"><b>Artist:<\/b> Ensamble Tango XXI<\/p>\t\t\t\t<\/div>\n\t\t\t\t<\/div>\n\t\t\t\t<div class=\"elementor-element elementor-element-9a3aff1 elementor-widget elementor-widget-heading\" data-id=\"9a3aff1\" data-element_type=\"widget\" data-e-type=\"widget\" data-widget_type=\"heading.default\">\n\t\t\t\t<div class=\"elementor-widget-container\">\n\t\t\t\t\t<p class=\"elementor-heading-title elementor-size-default\"><b>Title:<\/b> Roce de partida<\/p>\t\t\t\t<\/div>\n\t\t\t\t<\/div>\n\t\t\t\t<div class=\"elementor-element elementor-element-10ae239 elementor-widget elementor-widget-heading\" data-id=\"10ae239\" data-element_type=\"widget\" data-e-type=\"widget\" data-widget_type=\"heading.default\">\n\t\t\t\t<div class=\"elementor-widget-container\">\n\t\t\t\t\t<p class=\"elementor-heading-title elementor-size-default\"><b>Release Date:<\/b> December 29, 2023<\/p>\t\t\t\t<\/div>\n\t\t\t\t<\/div>\n\t\t\t\t<div class=\"elementor-element elementor-element-bea97a6 elementor-widget elementor-widget-heading\" data-id=\"bea97a6\" data-element_type=\"widget\" data-e-type=\"widget\" data-widget_type=\"heading.default\">\n\t\t\t\t<div class=\"elementor-widget-container\">\n\t\t\t\t\t<p class=\"elementor-heading-title elementor-size-default\"><b>Label<\/b> HABITAR<\/p>\t\t\t\t<\/div>\n\t\t\t\t<\/div>\n\t\t\t\t<div class=\"elementor-element elementor-element-6ef1038 elementor-widget elementor-widget-heading\" data-id=\"6ef1038\" data-element_type=\"widget\" data-e-type=\"widget\" data-widget_type=\"heading.default\">\n\t\t\t\t<div class=\"elementor-widget-container\">\n\t\t\t\t\t<p class=\"elementor-heading-title elementor-size-default\"><b>Format<\/b> CD<\/p>\t\t\t\t<\/div>\n\t\t\t\t<\/div>\n\t\t\t\t\t<\/div>\n\t\t<\/div>\n\t\t\t\t<div class=\"elementor-column elementor-col-50 elementor-top-column elementor-element elementor-element-bb33e8d\" data-id=\"bb33e8d\" data-element_type=\"column\" data-e-type=\"column\">\n\t\t\t<div class=\"elementor-widget-wrap elementor-element-populated\">\n\t\t\t\t\t\t<div class=\"elementor-element elementor-element-ad52aef elementor-widget elementor-widget-heading\" data-id=\"ad52aef\" data-element_type=\"widget\" data-e-type=\"widget\" data-widget_type=\"heading.default\">\n\t\t\t\t<div class=\"elementor-widget-container\">\n\t\t\t\t\t<h2 class=\"elementor-heading-title elementor-size-default\">Roce de Partida<\/h2>\t\t\t\t<\/div>\n\t\t\t\t<\/div>\n\t\t\t\t<div class=\"elementor-element elementor-element-d773018 elementor-widget elementor-widget-heading\" data-id=\"d773018\" data-element_type=\"widget\" data-e-type=\"widget\" data-widget_type=\"heading.default\">\n\t\t\t\t<div class=\"elementor-widget-container\">\n\t\t\t\t\t<p class=\"elementor-heading-title elementor-size-default\">The \"Ensamble de Tango XXI,\" dedicated to promoting new works of the genre, performs original pieces by Ariel Pirotti, Pablo Mainetti, and Diego Sandullo under the direction of maestro Saul Zaks.<br>Guest soloists: Ivana Fortunati (voice), Natalia Vartanian (voice)<\/p>\t\t\t\t<\/div>\n\t\t\t\t<\/div>\n\t\t\t\t<section class=\"elementor-section elementor-inner-section elementor-element elementor-element-234cd62 elementor-section-boxed elementor-section-height-default elementor-section-height-default\" data-id=\"234cd62\" data-element_type=\"section\" data-e-type=\"section\">\n\t\t\t\t\t\t<div class=\"elementor-container elementor-column-gap-default\">\n\t\t\t\t\t<div class=\"elementor-column elementor-col-25 elementor-inner-column elementor-element elementor-element-7e1e9ab\" data-id=\"7e1e9ab\" data-element_type=\"column\" data-e-type=\"column\">\n\t\t\t<div class=\"elementor-widget-wrap elementor-element-populated\">\n\t\t\t\t\t\t<div class=\"elementor-element elementor-element-bb4f07c elementor-align-center elementor-widget elementor-widget-button\" data-id=\"bb4f07c\" data-element_type=\"widget\" data-e-type=\"widget\" data-widget_type=\"button.default\">\n\t\t\t\t<div class=\"elementor-widget-container\">\n\t\t\t\t\t\t\t\t\t<div class=\"elementor-button-wrapper\">\n\t\t\t\t\t<a class=\"elementor-button elementor-button-link elementor-size-md\" href=\"https:\/\/open.spotify.com\/intl-es\/album\/6FCoaVJCRZnQepOreFJur1?si=7gjIwrJIT52uLjCNyiSHgw\" target=\"_blank\">\n\t\t\t\t\t\t<span class=\"elementor-button-content-wrapper\">\n\t\t\t\t\t\t<span class=\"elementor-button-icon\">\n\t\t\t\t<i aria-hidden=\"true\" class=\"fab fa-spotify\"><\/i>\t\t\t<\/span>\n\t\t\t\t\t\t\t\t<\/span>\n\t\t\t\t\t<\/a>\n\t\t\t\t<\/div>\n\t\t\t\t\t\t\t\t<\/div>\n\t\t\t\t<\/div>\n\t\t\t\t\t<\/div>\n\t\t<\/div>\n\t\t\t\t<div class=\"elementor-column elementor-col-25 elementor-inner-column elementor-element elementor-element-6aca755\" data-id=\"6aca755\" data-element_type=\"column\" data-e-type=\"column\">\n\t\t\t<div class=\"elementor-widget-wrap elementor-element-populated\">\n\t\t\t\t\t\t<div class=\"elementor-element elementor-element-0d0ec1d elementor-align-center elementor-widget elementor-widget-button\" data-id=\"0d0ec1d\" data-element_type=\"widget\" data-e-type=\"widget\" data-widget_type=\"button.default\">\n\t\t\t\t<div class=\"elementor-widget-container\">\n\t\t\t\t\t\t\t\t\t<div class=\"elementor-button-wrapper\">\n\t\t\t\t\t<a class=\"elementor-button elementor-button-link elementor-size-md\" href=\"https:\/\/www.youtube.com\/playlist?app=desktop&#038;list=OLAK5uy_mudwRKbTSzXhjvLFBnXXRCKTO8jxUouUw\" target=\"_blank\">\n\t\t\t\t\t\t<span class=\"elementor-button-content-wrapper\">\n\t\t\t\t\t\t<span class=\"elementor-button-icon\">\n\t\t\t\t<i aria-hidden=\"true\" class=\"fab fa-youtube\"><\/i>\t\t\t<\/span>\n\t\t\t\t\t\t\t\t<\/span>\n\t\t\t\t\t<\/a>\n\t\t\t\t<\/div>\n\t\t\t\t\t\t\t\t<\/div>\n\t\t\t\t<\/div>\n\t\t\t\t\t<\/div>\n\t\t<\/div>\n\t\t\t\t<div class=\"elementor-column elementor-col-25 elementor-inner-column elementor-element elementor-element-451c457\" data-id=\"451c457\" data-element_type=\"column\" data-e-type=\"column\">\n\t\t\t<div class=\"elementor-widget-wrap elementor-element-populated\">\n\t\t\t\t\t\t<div class=\"elementor-element elementor-element-11e57b6 elementor-align-center elementor-widget elementor-widget-button\" data-id=\"11e57b6\" data-element_type=\"widget\" data-e-type=\"widget\" data-widget_type=\"button.default\">\n\t\t\t\t<div class=\"elementor-widget-container\">\n\t\t\t\t\t\t\t\t\t<div class=\"elementor-button-wrapper\">\n\t\t\t\t\t<a class=\"elementor-button elementor-button-link elementor-size-md\" href=\"https:\/\/www.amazon.de\/Roce-Partida-Ensamble-Tango-XXI\/dp\/B0CQTQ4RHN\" target=\"_blank\">\n\t\t\t\t\t\t<span class=\"elementor-button-content-wrapper\">\n\t\t\t\t\t\t<span class=\"elementor-button-icon\">\n\t\t\t\t<i aria-hidden=\"true\" class=\"fab fa-amazon\"><\/i>\t\t\t<\/span>\n\t\t\t\t\t\t\t\t<\/span>\n\t\t\t\t\t<\/a>\n\t\t\t\t<\/div>\n\t\t\t\t\t\t\t\t<\/div>\n\t\t\t\t<\/div>\n\t\t\t\t\t<\/div>\n\t\t<\/div>\n\t\t\t\t<div class=\"elementor-column elementor-col-25 elementor-inner-column elementor-element elementor-element-6dcb307\" data-id=\"6dcb307\" data-element_type=\"column\" data-e-type=\"column\">\n\t\t\t<div class=\"elementor-widget-wrap elementor-element-populated\">\n\t\t\t\t\t\t<div class=\"elementor-element elementor-element-154b4e5 elementor-align-center elementor-widget elementor-widget-button\" data-id=\"154b4e5\" data-element_type=\"widget\" data-e-type=\"widget\" data-widget_type=\"button.default\">\n\t\t\t\t<div class=\"elementor-widget-container\">\n\t\t\t\t\t\t\t\t\t<div class=\"elementor-button-wrapper\">\n\t\t\t\t\t<a class=\"elementor-button elementor-button-link elementor-size-md\" href=\"https:\/\/music.apple.com\/mx\/album\/roce-de-partida\/1722674219\" target=\"_blank\">\n\t\t\t\t\t\t<span class=\"elementor-button-content-wrapper\">\n\t\t\t\t\t\t<span class=\"elementor-button-icon\">\n\t\t\t\t<i aria-hidden=\"true\" class=\"fab fa-apple\"><\/i>\t\t\t<\/span>\n\t\t\t\t\t\t\t\t<\/span>\n\t\t\t\t\t<\/a>\n\t\t\t\t<\/div>\n\t\t\t\t\t\t\t\t<\/div>\n\t\t\t\t<\/div>\n\t\t\t\t\t<\/div>\n\t\t<\/div>\n\t\t\t\t\t<\/div>\n\t\t<\/section>\n\t\t\t\t\t<\/div>\n\t\t<\/div>\n\t\t\t\t\t<\/div>\n\t\t<\/section>\n\t\t\t\t<\/div>","protected":false},"excerpt":{"rendered":"<p>Artista: Ensamble Tango XXI T\u00edtulo: Roce de partida Lanzamiento: Diciembre 29, 2023 Sello: HABITAR Formato: CD Roce de Partida El &#8220;Ensamble de Tango XXI&#8221; dedicado a la difusi\u00f3n de nuevas obras del g\u00e9nero interpreta obras originales de Ariel Pirotti, Pablo Mainetti y Diego Sandullo bajo la direcci\u00f3n del maestro Saul Zaks.Solistas invitados: Ivana Fortunati, (voz)&#8230;<\/p>\n<p><a rel=\"bookmark\" class=\"decibel-button-text wvc-button wvc-button-size-sm\" href=\"https:\/\/arielpirotti.com\/en\/discografia\/roce-de-partida\/\"><small class=\"wvc-button-background-fill\"><\/small><span>continue reading<\/span><\/a><\/p>","protected":false},"author":3,"featured_media":15184,"parent":2260,"menu_order":0,"comment_status":"closed","ping_status":"closed","template":"elementor_header_footer","meta":{"footnotes":""},"class_list":{"0":"post-15185","1":"page","2":"type-page","3":"status-publish","4":"has-post-thumbnail","5":"hentry","6":"entry","7":"clearfix","8":"entry-grid","9":"entry-columns-default","10":"entry-page-module-layout-standard","11":"thumbnail-color-tone-dark","12":"entry-page","14":"entry-page-grid"},"_links":{"self":[{"href":"https:\/\/arielpirotti.com\/en\/wp-json\/wp\/v2\/pages\/15185","targetHints":{"allow":["GET"]}}],"collection":[{"href":"https:\/\/arielpirotti.com\/en\/wp-json\/wp\/v2\/pages"}],"about":[{"href":"https:\/\/arielpirotti.com\/en\/wp-json\/wp\/v2\/types\/page"}],"author":[{"embeddable":true,"href":"https:\/\/arielpirotti.com\/en\/wp-json\/wp\/v2\/users\/3"}],"replies":[{"embeddable":true,"href":"https:\/\/arielpirotti.com\/en\/wp-json\/wp\/v2\/comments?post=15185"}],"version-history":[{"count":4,"href":"https:\/\/arielpirotti.com\/en\/wp-json\/wp\/v2\/pages\/15185\/revisions"}],"predecessor-version":[{"id":15190,"href":"https:\/\/arielpirotti.com\/en\/wp-json\/wp\/v2\/pages\/15185\/revisions\/15190"}],"up":[{"embeddable":true,"href":"https:\/\/arielpirotti.com\/en\/wp-json\/wp\/v2\/pages\/2260"}],"wp:featuredmedia":[{"embeddable":true,"href":"https:\/\/arielpirotti.com\/en\/wp-json\/wp\/v2\/media\/15184"}],"wp:attachment":[{"href":"https:\/\/arielpirotti.com\/en\/wp-json\/wp\/v2\/media?parent=15185"}],"curies":[{"name":"wp","href":"https:\/\/api.w.org\/{rel}","templated":true}]}}