{"id":2268,"date":"2021-11-09T22:11:47","date_gmt":"2021-11-10T01:11:47","guid":{"rendered":"https:\/\/arielpirotti.com\/?page_id=2268"},"modified":"2023-06-27T08:18:32","modified_gmt":"2023-06-27T11:18:32","slug":"bio","status":"publish","type":"page","link":"https:\/\/arielpirotti.com\/en\/bio\/","title":{"rendered":"Bio"},"content":{"rendered":"<div data-elementor-type=\"wp-page\" data-elementor-id=\"2268\" class=\"elementor elementor-2268\">\n\t\t\t\t\t\t<section class=\"elementor-section elementor-top-section elementor-element elementor-element-66a1645 elementor-section-boxed elementor-section-height-default elementor-section-height-default\" data-id=\"66a1645\" data-element_type=\"section\" data-e-type=\"section\">\n\t\t\t\t\t\t<div class=\"elementor-container elementor-column-gap-wide\">\n\t\t\t\t\t<div class=\"elementor-column elementor-col-100 elementor-top-column elementor-element elementor-element-2f74fea\" data-id=\"2f74fea\" data-element_type=\"column\" data-e-type=\"column\">\n\t\t\t<div class=\"elementor-widget-wrap elementor-element-populated\">\n\t\t\t\t\t\t<div class=\"elementor-element elementor-element-7c5cfba elementor-widget elementor-widget-heading\" data-id=\"7c5cfba\" data-element_type=\"widget\" data-e-type=\"widget\" data-widget_type=\"heading.default\">\n\t\t\t\t<div class=\"elementor-widget-container\">\n\t\t\t\t\t<p class=\"elementor-heading-title elementor-size-default\">Born in Buenos Aires, Argentina. He is a pianist, composer, arranger, conductor and teacher. <br><br>He is the director, pianist and arranger of the Tango Orchestra of the UNA (National University of the Arts in Argentina). This earned him the support of distinguished personalities of Buenos Aires musical and poetic environment like Susana Rinaldi, the poet Horacio Ferrer and Juan Carlos Cuacci who participated as guests in the recording of the orchestra\u00b4s first CD titled \u201cEl Rejunte\u201d (the Gathering).<br><br>He was granted and awarded by the National Fund of the Arts (FNA), and received the \u201cGobbi de Oro 2011\u201d,Prize awarded by the National Academy of Tango.<\/p>\t\t\t\t<\/div>\n\t\t\t\t<\/div>\n\t\t\t\t<div class=\"elementor-element elementor-element-2aaf295 elementor-widget elementor-widget-image\" data-id=\"2aaf295\" data-element_type=\"widget\" data-e-type=\"widget\" data-widget_type=\"image.default\">\n\t\t\t\t<div class=\"elementor-widget-container\">\n\t\t\t\t\t\t\t\t\t\t\t\t\t\t\t<img fetchpriority=\"high\" decoding=\"async\" width=\"1140\" height=\"760\" src=\"https:\/\/arielpirotti.com\/wp-content\/uploads\/2023\/06\/@nicolasfoong-5117-1200x800.webp\" class=\"attachment-large size-large wp-image-11753\" alt=\"\" srcset=\"https:\/\/arielpirotti.com\/wp-content\/uploads\/2023\/06\/@nicolasfoong-5117-1200x800.webp 1200w, https:\/\/arielpirotti.com\/wp-content\/uploads\/2023\/06\/@nicolasfoong-5117-600x400.webp 600w, https:\/\/arielpirotti.com\/wp-content\/uploads\/2023\/06\/@nicolasfoong-5117-768x512.webp 768w, https:\/\/arielpirotti.com\/wp-content\/uploads\/2023\/06\/@nicolasfoong-5117-18x12.webp 18w, https:\/\/arielpirotti.com\/wp-content\/uploads\/2023\/06\/@nicolasfoong-5117-855x570.webp 855w, https:\/\/arielpirotti.com\/wp-content\/uploads\/2023\/06\/@nicolasfoong-5117-500x333.webp 500w, https:\/\/arielpirotti.com\/wp-content\/uploads\/2023\/06\/@nicolasfoong-5117-550x367.webp 550w, https:\/\/arielpirotti.com\/wp-content\/uploads\/2023\/06\/@nicolasfoong-5117-700x467.webp 700w, https:\/\/arielpirotti.com\/wp-content\/uploads\/2023\/06\/@nicolasfoong-5117-400x267.webp 400w, https:\/\/arielpirotti.com\/wp-content\/uploads\/2023\/06\/@nicolasfoong-5117-300x200.webp 300w, https:\/\/arielpirotti.com\/wp-content\/uploads\/2023\/06\/@nicolasfoong-5117.webp 1300w\" sizes=\"(max-width: 1140px) 100vw, 1140px\" \/>\t\t\t\t\t\t\t\t\t\t\t\t\t\t\t<\/div>\n\t\t\t\t<\/div>\n\t\t\t\t<div class=\"elementor-element elementor-element-1ae9152 elementor-widget elementor-widget-heading\" data-id=\"1ae9152\" data-element_type=\"widget\" data-e-type=\"widget\" data-widget_type=\"heading.default\">\n\t\t\t\t<div class=\"elementor-widget-container\">\n\t\t\t\t\t<p class=\"elementor-heading-title elementor-size-default\">Under the auspices of Iberm\u00fasicas, he toured Colombia and Ecuador, giving concerts as a soloist and with an orchestra. He performed concerts at Carnegie Hall, the Argentine Consulate in New York, the Argentine Embassy in Washington DC, and Casa Argentina in Rome.<br><br>He was invited by the Argentine Music Orchestra \u201cJuan de Dios Filiberto\u201d as solo pianist and participated as arranger in the 100 years of the Tango song tribute concert. He has participated in several international festivals, European and Latin American Tours and has given concerts in important Buenos Aires halls and the rest of the country.<\/p>\t\t\t\t<\/div>\n\t\t\t\t<\/div>\n\t\t\t\t\t<\/div>\n\t\t<\/div>\n\t\t\t\t\t<\/div>\n\t\t<\/section>\n\t\t\t\t<\/div>","protected":false},"excerpt":{"rendered":"<p>Nacido en Buenos Aires, Argentina. Es pianista, compositor, arreglador, director de orquesta y docente. Fue nominado a los Latin Grammy 2017 en la categor\u00eda \u201cMejor disco de Tango\u201d y recibi\u00f3 el Premio Gardel 2016, como \u201cMejor Nuevo Artista de Tango\u201d\u2028Gan\u00f3 el primer premio de composici\u00f3n en la categor\u00eda Tango del Fondo Nacional de las Artes&#8230;<\/p>\n<p><a rel=\"bookmark\" class=\"decibel-button-text wvc-button wvc-button-size-sm\" href=\"https:\/\/arielpirotti.com\/en\/bio\/\"><small class=\"wvc-button-background-fill\"><\/small><span>continue reading<\/span><\/a><\/p>","protected":false},"author":3,"featured_media":11759,"parent":0,"menu_order":0,"comment_status":"closed","ping_status":"closed","template":"","meta":{"footnotes":""},"class_list":{"0":"post-2268","1":"page","2":"type-page","3":"status-publish","4":"has-post-thumbnail","5":"hentry","6":"entry","7":"clearfix","8":"entry-grid","9":"entry-columns-default","10":"entry-page-module-layout-standard","11":"thumbnail-color-tone-dark","12":"entry-page","14":"entry-page-grid"},"_links":{"self":[{"href":"https:\/\/arielpirotti.com\/en\/wp-json\/wp\/v2\/pages\/2268","targetHints":{"allow":["GET"]}}],"collection":[{"href":"https:\/\/arielpirotti.com\/en\/wp-json\/wp\/v2\/pages"}],"about":[{"href":"https:\/\/arielpirotti.com\/en\/wp-json\/wp\/v2\/types\/page"}],"author":[{"embeddable":true,"href":"https:\/\/arielpirotti.com\/en\/wp-json\/wp\/v2\/users\/3"}],"replies":[{"embeddable":true,"href":"https:\/\/arielpirotti.com\/en\/wp-json\/wp\/v2\/comments?post=2268"}],"version-history":[{"count":12,"href":"https:\/\/arielpirotti.com\/en\/wp-json\/wp\/v2\/pages\/2268\/revisions"}],"predecessor-version":[{"id":11760,"href":"https:\/\/arielpirotti.com\/en\/wp-json\/wp\/v2\/pages\/2268\/revisions\/11760"}],"wp:featuredmedia":[{"embeddable":true,"href":"https:\/\/arielpirotti.com\/en\/wp-json\/wp\/v2\/media\/11759"}],"wp:attachment":[{"href":"https:\/\/arielpirotti.com\/en\/wp-json\/wp\/v2\/media?parent=2268"}],"curies":[{"name":"wp","href":"https:\/\/api.w.org\/{rel}","templated":true}]}}