{"id":2278,"date":"2021-11-10T08:05:22","date_gmt":"2021-11-10T11:05:22","guid":{"rendered":"https:\/\/arielpirotti.com\/?page_id=2278"},"modified":"2023-11-28T12:04:30","modified_gmt":"2023-11-28T15:04:30","slug":"disco-una-decada","status":"publish","type":"page","link":"https:\/\/arielpirotti.com\/en\/discografia\/disco-una-decada\/","title":{"rendered":"Una D\u00e9cada"},"content":{"rendered":"<div data-elementor-type=\"wp-page\" data-elementor-id=\"2278\" class=\"elementor elementor-2278\">\n\t\t\t\t\t\t<section class=\"elementor-section elementor-top-section elementor-element elementor-element-b213a0a elementor-section-boxed elementor-section-height-default elementor-section-height-default\" data-id=\"b213a0a\" data-element_type=\"section\" data-e-type=\"section\">\n\t\t\t\t\t\t<div class=\"elementor-container elementor-column-gap-extended\">\n\t\t\t\t\t<div class=\"elementor-column elementor-col-50 elementor-top-column elementor-element elementor-element-fbb2953\" data-id=\"fbb2953\" data-element_type=\"column\" data-e-type=\"column\">\n\t\t\t<div class=\"elementor-widget-wrap elementor-element-populated\">\n\t\t\t\t\t\t<div class=\"elementor-element elementor-element-2f5e884 elementor-widget elementor-widget-image\" data-id=\"2f5e884\" data-element_type=\"widget\" data-e-type=\"widget\" data-widget_type=\"image.default\">\n\t\t\t\t<div class=\"elementor-widget-container\">\n\t\t\t\t\t\t\t\t\t\t\t\t\t\t\t<img fetchpriority=\"high\" decoding=\"async\" width=\"768\" height=\"768\" src=\"https:\/\/arielpirotti.com\/wp-content\/uploads\/2021\/02\/UNA-decada-tapa-disco-2-scaled-1-768x768.jpg\" class=\"attachment-medium_large size-medium_large wp-image-1806\" alt=\"\" srcset=\"https:\/\/arielpirotti.com\/wp-content\/uploads\/2021\/02\/UNA-decada-tapa-disco-2-scaled-1-768x768.jpg 768w, https:\/\/arielpirotti.com\/wp-content\/uploads\/2021\/02\/UNA-decada-tapa-disco-2-scaled-1-300x300.jpg 300w, https:\/\/arielpirotti.com\/wp-content\/uploads\/2021\/02\/UNA-decada-tapa-disco-2-scaled-1-100x100.jpg 100w, https:\/\/arielpirotti.com\/wp-content\/uploads\/2021\/02\/UNA-decada-tapa-disco-2-scaled-1-600x600.jpg 600w, https:\/\/arielpirotti.com\/wp-content\/uploads\/2021\/02\/UNA-decada-tapa-disco-2-scaled-1-1024x1024.jpg 1024w, https:\/\/arielpirotti.com\/wp-content\/uploads\/2021\/02\/UNA-decada-tapa-disco-2-scaled-1-260x260.jpg 260w, https:\/\/arielpirotti.com\/wp-content\/uploads\/2021\/02\/UNA-decada-tapa-disco-2-scaled-1-1536x1536.jpg 1536w, https:\/\/arielpirotti.com\/wp-content\/uploads\/2021\/02\/UNA-decada-tapa-disco-2-scaled-1-2048x2048.jpg 2048w, https:\/\/arielpirotti.com\/wp-content\/uploads\/2021\/02\/UNA-decada-tapa-disco-2-scaled-1-570x570.jpg 570w, https:\/\/arielpirotti.com\/wp-content\/uploads\/2021\/02\/UNA-decada-tapa-disco-2-scaled-1-500x500.jpg 500w, https:\/\/arielpirotti.com\/wp-content\/uploads\/2021\/02\/UNA-decada-tapa-disco-2-scaled-1-550x550.jpg 550w, https:\/\/arielpirotti.com\/wp-content\/uploads\/2021\/02\/UNA-decada-tapa-disco-2-scaled-1-700x700.jpg 700w, https:\/\/arielpirotti.com\/wp-content\/uploads\/2021\/02\/UNA-decada-tapa-disco-2-scaled-1-400x400.jpg 400w, https:\/\/arielpirotti.com\/wp-content\/uploads\/2021\/02\/UNA-decada-tapa-disco-2-scaled-1-2000x2000.jpg 2000w, https:\/\/arielpirotti.com\/wp-content\/uploads\/2021\/02\/UNA-decada-tapa-disco-2-scaled-1-150x150.jpg 150w, https:\/\/arielpirotti.com\/wp-content\/uploads\/2021\/02\/UNA-decada-tapa-disco-2-scaled-1-960x960.jpg 960w\" sizes=\"(max-width: 768px) 100vw, 768px\" \/>\t\t\t\t\t\t\t\t\t\t\t\t\t\t\t<\/div>\n\t\t\t\t<\/div>\n\t\t\t\t<div class=\"elementor-element elementor-element-eaad118 elementor-widget elementor-widget-spacer\" data-id=\"eaad118\" data-element_type=\"widget\" data-e-type=\"widget\" data-widget_type=\"spacer.default\">\n\t\t\t\t<div class=\"elementor-widget-container\">\n\t\t\t\t\t\t\t<div class=\"elementor-spacer\">\n\t\t\t<div class=\"elementor-spacer-inner\"><\/div>\n\t\t<\/div>\n\t\t\t\t\t\t<\/div>\n\t\t\t\t<\/div>\n\t\t\t\t<div class=\"elementor-element elementor-element-b58b9ae elementor-widget elementor-widget-heading\" data-id=\"b58b9ae\" data-element_type=\"widget\" data-e-type=\"widget\" data-widget_type=\"heading.default\">\n\t\t\t\t<div class=\"elementor-widget-container\">\n\t\t\t\t\t<p class=\"elementor-heading-title elementor-size-default\"><b>Artist:<\/b> Orquesta de Tango de la UNA<\/p>\t\t\t\t<\/div>\n\t\t\t\t<\/div>\n\t\t\t\t<div class=\"elementor-element elementor-element-831c64b elementor-widget elementor-widget-heading\" data-id=\"831c64b\" data-element_type=\"widget\" data-e-type=\"widget\" data-widget_type=\"heading.default\">\n\t\t\t\t<div class=\"elementor-widget-container\">\n\t\t\t\t\t<p class=\"elementor-heading-title elementor-size-default\"><b>Title:<\/b> Una Decada<\/p>\t\t\t\t<\/div>\n\t\t\t\t<\/div>\n\t\t\t\t<div class=\"elementor-element elementor-element-d89270a elementor-widget elementor-widget-heading\" data-id=\"d89270a\" data-element_type=\"widget\" data-e-type=\"widget\" data-widget_type=\"heading.default\">\n\t\t\t\t<div class=\"elementor-widget-container\">\n\t\t\t\t\t<p class=\"elementor-heading-title elementor-size-default\"><b>Release Date:<\/b> November 30, 2020<\/p>\t\t\t\t<\/div>\n\t\t\t\t<\/div>\n\t\t\t\t<div class=\"elementor-element elementor-element-cf53a0a elementor-widget elementor-widget-heading\" data-id=\"cf53a0a\" data-element_type=\"widget\" data-e-type=\"widget\" data-widget_type=\"heading.default\">\n\t\t\t\t<div class=\"elementor-widget-container\">\n\t\t\t\t\t<p class=\"elementor-heading-title elementor-size-default\"><b>Label<\/b> HABITAR<\/p>\t\t\t\t<\/div>\n\t\t\t\t<\/div>\n\t\t\t\t<div class=\"elementor-element elementor-element-68f6534 elementor-widget elementor-widget-heading\" data-id=\"68f6534\" data-element_type=\"widget\" data-e-type=\"widget\" data-widget_type=\"heading.default\">\n\t\t\t\t<div class=\"elementor-widget-container\">\n\t\t\t\t\t<p class=\"elementor-heading-title elementor-size-default\"><b>Format<\/b> CD<\/p>\t\t\t\t<\/div>\n\t\t\t\t<\/div>\n\t\t\t\t\t<\/div>\n\t\t<\/div>\n\t\t\t\t<div class=\"elementor-column elementor-col-50 elementor-top-column elementor-element elementor-element-f13b937\" data-id=\"f13b937\" data-element_type=\"column\" data-e-type=\"column\">\n\t\t\t<div class=\"elementor-widget-wrap elementor-element-populated\">\n\t\t\t\t\t\t<div class=\"elementor-element elementor-element-75d6501 elementor-widget elementor-widget-heading\" data-id=\"75d6501\" data-element_type=\"widget\" data-e-type=\"widget\" data-widget_type=\"heading.default\">\n\t\t\t\t<div class=\"elementor-widget-container\">\n\t\t\t\t\t<h2 class=\"elementor-heading-title elementor-size-default\">Una D\u00e9cada<\/h2>\t\t\t\t<\/div>\n\t\t\t\t<\/div>\n\t\t\t\t<div class=\"elementor-element elementor-element-765c52d elementor-widget elementor-widget-heading\" data-id=\"765c52d\" data-element_type=\"widget\" data-e-type=\"widget\" data-widget_type=\"heading.default\">\n\t\t\t\t<div class=\"elementor-widget-container\">\n\t\t\t\t\t<p class=\"elementor-heading-title elementor-size-default\">Soundtrack of the documentary \"Una D\u00e9cada\" premiered in November 2020 as a commemoration of the 10 years of activity of the UNA Tango Orchestra, with the special participation of Susana Rinaldi, Jos\u00e9 Colangelo and many more<\/p>\t\t\t\t<\/div>\n\t\t\t\t<\/div>\n\t\t\t\t<div class=\"elementor-element elementor-element-e5250b9 elementor-widget elementor-widget-heading\" data-id=\"e5250b9\" data-element_type=\"widget\" data-e-type=\"widget\" data-widget_type=\"heading.default\">\n\t\t\t\t<div class=\"elementor-widget-container\">\n\t\t\t\t\t<p class=\"elementor-heading-title elementor-size-default\"><a href=\"https:\/\/youtu.be\/IAmSpgvrJDI%20\"> See the full documentary HERE<\/a><\/p>\t\t\t\t<\/div>\n\t\t\t\t<\/div>\n\t\t\t\t<div class=\"elementor-element elementor-element-cd58ca8 elementor-widget elementor-widget-heading\" data-id=\"cd58ca8\" data-element_type=\"widget\" data-e-type=\"widget\" data-widget_type=\"heading.default\">\n\t\t\t\t<div class=\"elementor-widget-container\">\n\t\t\t\t\t<p class=\"elementor-heading-title elementor-size-default\">Original Music by Ariel Pirotti<\/p>\t\t\t\t<\/div>\n\t\t\t\t<\/div>\n\t\t\t\t<div class=\"elementor-element elementor-element-5e06219 elementor-widget elementor-widget-heading\" data-id=\"5e06219\" data-element_type=\"widget\" data-e-type=\"widget\" data-widget_type=\"heading.default\">\n\t\t\t\t<div class=\"elementor-widget-container\">\n\t\t\t\t\t<p class=\"elementor-heading-title elementor-size-default\">\u201cUna D\u00e9cada\u201d is not only the story of how Tango flourished and developed in the fertile space of the National University of the Arts, but it also sensitively raises the complexity of the frameworks that make up the place of Tango in culture. On November 30, 2010, the chords of the UNA (National University of the Arts) Tango Orchestra sounded for the first time. That concert would mark the beginning of a series of events that would put in tension the limits between popular music and academic music, as well as the relationship between tradition and originality, highlighting the multiplicity of meanings that Tango is capable of assuming.<\/p>\t\t\t\t<\/div>\n\t\t\t\t<\/div>\n\t\t\t\t<section class=\"elementor-section elementor-inner-section elementor-element elementor-element-2919d08 elementor-section-boxed elementor-section-height-default elementor-section-height-default\" data-id=\"2919d08\" data-element_type=\"section\" data-e-type=\"section\">\n\t\t\t\t\t\t<div class=\"elementor-container elementor-column-gap-default\">\n\t\t\t\t\t<div class=\"elementor-column elementor-col-50 elementor-inner-column elementor-element elementor-element-0730368\" data-id=\"0730368\" data-element_type=\"column\" data-e-type=\"column\">\n\t\t\t<div class=\"elementor-widget-wrap elementor-element-populated\">\n\t\t\t\t\t\t<div class=\"elementor-element elementor-element-81febb4 elementor-align-center elementor-widget elementor-widget-button\" data-id=\"81febb4\" data-element_type=\"widget\" data-e-type=\"widget\" data-widget_type=\"button.default\">\n\t\t\t\t<div class=\"elementor-widget-container\">\n\t\t\t\t\t\t\t\t\t<div class=\"elementor-button-wrapper\">\n\t\t\t\t\t<a class=\"elementor-button elementor-button-link elementor-size-md\" href=\"https:\/\/open.spotify.com\/album\/3Gke8KS2V5p150SX3gXJQB?si=6HfkU34wR9-pBaanpZXG1w\">\n\t\t\t\t\t\t<span class=\"elementor-button-content-wrapper\">\n\t\t\t\t\t\t<span class=\"elementor-button-icon\">\n\t\t\t\t<i aria-hidden=\"true\" class=\"fab fa-spotify\"><\/i>\t\t\t<\/span>\n\t\t\t\t\t\t\t\t<\/span>\n\t\t\t\t\t<\/a>\n\t\t\t\t<\/div>\n\t\t\t\t\t\t\t\t<\/div>\n\t\t\t\t<\/div>\n\t\t\t\t\t<\/div>\n\t\t<\/div>\n\t\t\t\t<div class=\"elementor-column elementor-col-50 elementor-inner-column elementor-element elementor-element-fa468c9\" data-id=\"fa468c9\" data-element_type=\"column\" data-e-type=\"column\">\n\t\t\t<div class=\"elementor-widget-wrap elementor-element-populated\">\n\t\t\t\t\t\t<div class=\"elementor-element elementor-element-0470bb1 elementor-align-center elementor-widget elementor-widget-button\" data-id=\"0470bb1\" data-element_type=\"widget\" data-e-type=\"widget\" data-widget_type=\"button.default\">\n\t\t\t\t<div class=\"elementor-widget-container\">\n\t\t\t\t\t\t\t\t\t<div class=\"elementor-button-wrapper\">\n\t\t\t\t\t<a class=\"elementor-button elementor-button-link elementor-size-md\" href=\"https:\/\/music.apple.com\/mx\/album\/una-d%C3%A9cada-single\/1540179198\">\n\t\t\t\t\t\t<span class=\"elementor-button-content-wrapper\">\n\t\t\t\t\t\t<span class=\"elementor-button-icon\">\n\t\t\t\t<i aria-hidden=\"true\" class=\"fab fa-apple\"><\/i>\t\t\t<\/span>\n\t\t\t\t\t\t\t\t<\/span>\n\t\t\t\t\t<\/a>\n\t\t\t\t<\/div>\n\t\t\t\t\t\t\t\t<\/div>\n\t\t\t\t<\/div>\n\t\t\t\t\t<\/div>\n\t\t<\/div>\n\t\t\t\t\t<\/div>\n\t\t<\/section>\n\t\t\t\t\t<\/div>\n\t\t<\/div>\n\t\t\t\t\t<\/div>\n\t\t<\/section>\n\t\t\t\t<\/div>","protected":false},"excerpt":{"rendered":"<p>Artista: Orquesta de Tango de la UNA T\u00edtulo: Una Decada Lanzamiento: noviembre 30, 2020 Sello: HABITAR Formato: CD Una D\u00e9cada Banda sonora del documental \u201cUna D\u00e9cada\u201d estrenado en noviembre de 2020 a modo de conmemoraci\u00f3n por los 10 a\u00f1os de actividad de la Orquesta de Tango de la UNA, con la participaci\u00f3n especial de Susana&#8230;<\/p>\n<p><a rel=\"bookmark\" class=\"decibel-button-text wvc-button wvc-button-size-sm\" href=\"https:\/\/arielpirotti.com\/en\/discografia\/disco-una-decada\/\"><small class=\"wvc-button-background-fill\"><\/small><span>continue reading<\/span><\/a><\/p>","protected":false},"author":3,"featured_media":1807,"parent":2260,"menu_order":0,"comment_status":"closed","ping_status":"closed","template":"","meta":{"footnotes":""},"class_list":{"0":"post-2278","1":"page","2":"type-page","3":"status-publish","4":"has-post-thumbnail","5":"hentry","6":"entry","7":"clearfix","8":"entry-grid","9":"entry-columns-default","10":"entry-page-module-layout-standard","11":"thumbnail-color-tone-dark","12":"metro-landscape","13":"is-youtube","14":"entry-page","16":"entry-page-grid"},"_links":{"self":[{"href":"https:\/\/arielpirotti.com\/en\/wp-json\/wp\/v2\/pages\/2278","targetHints":{"allow":["GET"]}}],"collection":[{"href":"https:\/\/arielpirotti.com\/en\/wp-json\/wp\/v2\/pages"}],"about":[{"href":"https:\/\/arielpirotti.com\/en\/wp-json\/wp\/v2\/types\/page"}],"author":[{"embeddable":true,"href":"https:\/\/arielpirotti.com\/en\/wp-json\/wp\/v2\/users\/3"}],"replies":[{"embeddable":true,"href":"https:\/\/arielpirotti.com\/en\/wp-json\/wp\/v2\/comments?post=2278"}],"version-history":[{"count":13,"href":"https:\/\/arielpirotti.com\/en\/wp-json\/wp\/v2\/pages\/2278\/revisions"}],"predecessor-version":[{"id":13183,"href":"https:\/\/arielpirotti.com\/en\/wp-json\/wp\/v2\/pages\/2278\/revisions\/13183"}],"up":[{"embeddable":true,"href":"https:\/\/arielpirotti.com\/en\/wp-json\/wp\/v2\/pages\/2260"}],"wp:featuredmedia":[{"embeddable":true,"href":"https:\/\/arielpirotti.com\/en\/wp-json\/wp\/v2\/media\/1807"}],"wp:attachment":[{"href":"https:\/\/arielpirotti.com\/en\/wp-json\/wp\/v2\/media?parent=2278"}],"curies":[{"name":"wp","href":"https:\/\/api.w.org\/{rel}","templated":true}]}}