{"id":2283,"date":"2021-11-10T08:16:47","date_gmt":"2021-11-10T11:16:47","guid":{"rendered":"https:\/\/arielpirotti.com\/?page_id=2283"},"modified":"2023-11-28T12:04:20","modified_gmt":"2023-11-28T15:04:20","slug":"disco-impresiones-portenas","status":"publish","type":"page","link":"https:\/\/arielpirotti.com\/en\/discografia\/disco-impresiones-portenas\/","title":{"rendered":"Impresiones Porte\u00f1as"},"content":{"rendered":"<div data-elementor-type=\"wp-page\" data-elementor-id=\"2283\" class=\"elementor elementor-2283\">\n\t\t\t\t\t\t<section class=\"elementor-section elementor-top-section elementor-element elementor-element-80ea372 elementor-section-boxed elementor-section-height-default elementor-section-height-default\" data-id=\"80ea372\" data-element_type=\"section\" data-e-type=\"section\">\n\t\t\t\t\t\t<div class=\"elementor-container elementor-column-gap-extended\">\n\t\t\t\t\t<div class=\"elementor-column elementor-col-50 elementor-top-column elementor-element elementor-element-c5687d7\" data-id=\"c5687d7\" data-element_type=\"column\" data-e-type=\"column\">\n\t\t\t<div class=\"elementor-widget-wrap elementor-element-populated\">\n\t\t\t\t\t\t<div class=\"elementor-element elementor-element-56d9942 elementor-widget elementor-widget-image\" data-id=\"56d9942\" data-element_type=\"widget\" data-e-type=\"widget\" data-widget_type=\"image.default\">\n\t\t\t\t<div class=\"elementor-widget-container\">\n\t\t\t\t\t\t\t\t\t\t\t\t\t\t\t<img fetchpriority=\"high\" decoding=\"async\" width=\"500\" height=\"500\" src=\"https:\/\/arielpirotti.com\/wp-content\/uploads\/2019\/01\/Arte-de-Tapa.jpg\" class=\"attachment-medium_large size-medium_large wp-image-1100\" alt=\"\" srcset=\"https:\/\/arielpirotti.com\/wp-content\/uploads\/2019\/01\/Arte-de-Tapa.jpg 500w, https:\/\/arielpirotti.com\/wp-content\/uploads\/2019\/01\/Arte-de-Tapa-300x300.jpg 300w, https:\/\/arielpirotti.com\/wp-content\/uploads\/2019\/01\/Arte-de-Tapa-100x100.jpg 100w, https:\/\/arielpirotti.com\/wp-content\/uploads\/2019\/01\/Arte-de-Tapa-150x150.jpg 150w, https:\/\/arielpirotti.com\/wp-content\/uploads\/2019\/01\/Arte-de-Tapa-370x370.jpg 370w, https:\/\/arielpirotti.com\/wp-content\/uploads\/2019\/01\/Arte-de-Tapa-360x360.jpg 360w, https:\/\/arielpirotti.com\/wp-content\/uploads\/2019\/01\/Arte-de-Tapa-80x80.jpg 80w, https:\/\/arielpirotti.com\/wp-content\/uploads\/2019\/01\/elementor\/thumbs\/Arte-de-Tapa-o3a0w79gsahz3h2dyrxw3bdp59v8oau7q1xnin195s.jpg 400w\" sizes=\"(max-width: 500px) 100vw, 500px\" \/>\t\t\t\t\t\t\t\t\t\t\t\t\t\t\t<\/div>\n\t\t\t\t<\/div>\n\t\t\t\t<div class=\"elementor-element elementor-element-8aa16e3 elementor-widget elementor-widget-spacer\" data-id=\"8aa16e3\" data-element_type=\"widget\" data-e-type=\"widget\" data-widget_type=\"spacer.default\">\n\t\t\t\t<div class=\"elementor-widget-container\">\n\t\t\t\t\t\t\t<div class=\"elementor-spacer\">\n\t\t\t<div class=\"elementor-spacer-inner\"><\/div>\n\t\t<\/div>\n\t\t\t\t\t\t<\/div>\n\t\t\t\t<\/div>\n\t\t\t\t<div class=\"elementor-element elementor-element-636b497 elementor-widget elementor-widget-heading\" data-id=\"636b497\" data-element_type=\"widget\" data-e-type=\"widget\" data-widget_type=\"heading.default\">\n\t\t\t\t<div class=\"elementor-widget-container\">\n\t\t\t\t\t<p class=\"elementor-heading-title elementor-size-default\"><b>Artist:<\/b> Orquesta de Tango de la UNA<\/p>\t\t\t\t<\/div>\n\t\t\t\t<\/div>\n\t\t\t\t<div class=\"elementor-element elementor-element-73ac453 elementor-widget elementor-widget-heading\" data-id=\"73ac453\" data-element_type=\"widget\" data-e-type=\"widget\" data-widget_type=\"heading.default\">\n\t\t\t\t<div class=\"elementor-widget-container\">\n\t\t\t\t\t<p class=\"elementor-heading-title elementor-size-default\"><b>Title:<\/b> Impresiones Porte\u00f1as<\/p>\t\t\t\t<\/div>\n\t\t\t\t<\/div>\n\t\t\t\t<div class=\"elementor-element elementor-element-11ac4a0 elementor-widget elementor-widget-heading\" data-id=\"11ac4a0\" data-element_type=\"widget\" data-e-type=\"widget\" data-widget_type=\"heading.default\">\n\t\t\t\t<div class=\"elementor-widget-container\">\n\t\t\t\t\t<p class=\"elementor-heading-title elementor-size-default\"><b>Release Date:<\/b> January 1, 2019<\/p>\t\t\t\t<\/div>\n\t\t\t\t<\/div>\n\t\t\t\t<div class=\"elementor-element elementor-element-cffbe35 elementor-widget elementor-widget-heading\" data-id=\"cffbe35\" data-element_type=\"widget\" data-e-type=\"widget\" data-widget_type=\"heading.default\">\n\t\t\t\t<div class=\"elementor-widget-container\">\n\t\t\t\t\t<p class=\"elementor-heading-title elementor-size-default\"><b>Label<\/b> Epsa Music<\/p>\t\t\t\t<\/div>\n\t\t\t\t<\/div>\n\t\t\t\t<div class=\"elementor-element elementor-element-438fb93 elementor-widget elementor-widget-heading\" data-id=\"438fb93\" data-element_type=\"widget\" data-e-type=\"widget\" data-widget_type=\"heading.default\">\n\t\t\t\t<div class=\"elementor-widget-container\">\n\t\t\t\t\t<p class=\"elementor-heading-title elementor-size-default\"><b>Format<\/b> CD<\/p>\t\t\t\t<\/div>\n\t\t\t\t<\/div>\n\t\t\t\t\t<\/div>\n\t\t<\/div>\n\t\t\t\t<div class=\"elementor-column elementor-col-50 elementor-top-column elementor-element elementor-element-66411bd\" data-id=\"66411bd\" data-element_type=\"column\" data-e-type=\"column\">\n\t\t\t<div class=\"elementor-widget-wrap elementor-element-populated\">\n\t\t\t\t\t\t<div class=\"elementor-element elementor-element-c070efc elementor-widget elementor-widget-heading\" data-id=\"c070efc\" data-element_type=\"widget\" data-e-type=\"widget\" data-widget_type=\"heading.default\">\n\t\t\t\t<div class=\"elementor-widget-container\">\n\t\t\t\t\t<h2 class=\"elementor-heading-title elementor-size-default\">Impresiones Porte\u00f1as<\/h2>\t\t\t\t<\/div>\n\t\t\t\t<\/div>\n\t\t\t\t<div class=\"elementor-element elementor-element-181faf7 elementor-widget elementor-widget-heading\" data-id=\"181faf7\" data-element_type=\"widget\" data-e-type=\"widget\" data-widget_type=\"heading.default\">\n\t\t\t\t<div class=\"elementor-widget-container\">\n\t\t\t\t\t<p class=\"elementor-heading-title elementor-size-default\">The UNA Tango Orchestra released its record work Impresiones Porte\u00f1as at the end of December 2018. While awaiting the next release of the physical CD, the material is now available on Spotify <\/p>\t\t\t\t<\/div>\n\t\t\t\t<\/div>\n\t\t\t\t<div class=\"elementor-element elementor-element-72272f5 elementor-widget elementor-widget-heading\" data-id=\"72272f5\" data-element_type=\"widget\" data-e-type=\"widget\" data-widget_type=\"heading.default\">\n\t\t\t\t<div class=\"elementor-widget-container\">\n\t\t\t\t\t<p class=\"elementor-heading-title elementor-size-default\"><a href=\"http:\/\/spotify.com\/album\/impresionesporte\u00f1as.\">Listen on Spotify<\/a><\/p>\t\t\t\t<\/div>\n\t\t\t\t<\/div>\n\t\t\t\t<div class=\"elementor-element elementor-element-c445115 elementor-widget elementor-widget-heading\" data-id=\"c445115\" data-element_type=\"widget\" data-e-type=\"widget\" data-widget_type=\"heading.default\">\n\t\t\t\t<div class=\"elementor-widget-container\">\n\t\t\t\t\t<p class=\"elementor-heading-title elementor-size-default\"><b>Impresiones Porte\u00f1as<\/b> is the third album by the Tango Orchestra of the National University of the Arts, under the direction and arrangements of Ariel Pirotti and with the voice of Lautaro Mazza as guest singer.<\/p>\t\t\t\t<\/div>\n\t\t\t\t<\/div>\n\t\t\t\t<div class=\"elementor-element elementor-element-fdfae29 elementor-widget elementor-widget-heading\" data-id=\"fdfae29\" data-element_type=\"widget\" data-e-type=\"widget\" data-widget_type=\"heading.default\">\n\t\t\t\t<div class=\"elementor-widget-container\">\n\t\t\t\t\t<p class=\"elementor-heading-title elementor-size-default\"><b>Impresiones porte\u00f1as<\/b> proposes exploring new sounds with symphonic approaches and original compositions. This record label includes the work \u00abRetazos Troileanos\u00bb, by Ariel Pirotti.<\/p>\t\t\t\t<\/div>\n\t\t\t\t<\/div>\n\t\t\t\t<div class=\"elementor-element elementor-element-dbdc314 elementor-widget elementor-widget-heading\" data-id=\"dbdc314\" data-element_type=\"widget\" data-e-type=\"widget\" data-widget_type=\"heading.default\">\n\t\t\t\t<div class=\"elementor-widget-container\">\n\t\t\t\t\t<p class=\"elementor-heading-title elementor-size-default\"><b>About \u201cRetazos Troileanos\u201d<\/b><\/p>\t\t\t\t<\/div>\n\t\t\t\t<\/div>\n\t\t\t\t<div class=\"elementor-element elementor-element-e5da21e elementor-widget elementor-widget-heading\" data-id=\"e5da21e\" data-element_type=\"widget\" data-e-type=\"widget\" data-widget_type=\"heading.default\">\n\t\t\t\t<div class=\"elementor-widget-container\">\n\t\t\t\t\t<p class=\"elementor-heading-title elementor-size-default\">The work, rooted and minted in the heart of Buenos Aires, takes as its conceptual axis the work of An\u00edbal Troilo, emblematic composer of popular music from Buenos Aires. An\u00edbal Troilo's original work - or rather pieces of it - is taken as raw material for the construction of a new language. Indeed, it is not an arrangement or a potpourri. The work and the compositional figure of An\u00edbal Troilo thus acquire a new perspective. Carving in this way a language that goes beyond the sounds of the typical tango orchestra, and that at the same time resignifies and deepens the aesthetic experience of city music, highlighting, as a tribute, the figure of one of the most outstanding composers of Argentine popular music, An\u00edbal Troilo.<\/p>\t\t\t\t<\/div>\n\t\t\t\t<\/div>\n\t\t\t\t<section class=\"elementor-section elementor-inner-section elementor-element elementor-element-7ca2cc6 elementor-section-boxed elementor-section-height-default elementor-section-height-default\" data-id=\"7ca2cc6\" data-element_type=\"section\" data-e-type=\"section\">\n\t\t\t\t\t\t<div class=\"elementor-container elementor-column-gap-default\">\n\t\t\t\t\t<div class=\"elementor-column elementor-col-50 elementor-inner-column elementor-element elementor-element-b7c2aa2\" data-id=\"b7c2aa2\" data-element_type=\"column\" data-e-type=\"column\">\n\t\t\t<div class=\"elementor-widget-wrap elementor-element-populated\">\n\t\t\t\t\t\t<div class=\"elementor-element elementor-element-470de51 elementor-align-center elementor-widget elementor-widget-button\" data-id=\"470de51\" data-element_type=\"widget\" data-e-type=\"widget\" data-widget_type=\"button.default\">\n\t\t\t\t<div class=\"elementor-widget-container\">\n\t\t\t\t\t\t\t\t\t<div class=\"elementor-button-wrapper\">\n\t\t\t\t\t<a class=\"elementor-button elementor-button-link elementor-size-md\" href=\"https:\/\/open.spotify.com\/album\/3aWH1R2auSEpQaZ0oRjaoS?si=0FN14YWkQSGF2JDDoM5ciw\">\n\t\t\t\t\t\t<span class=\"elementor-button-content-wrapper\">\n\t\t\t\t\t\t<span class=\"elementor-button-icon\">\n\t\t\t\t<i aria-hidden=\"true\" class=\"fab fa-spotify\"><\/i>\t\t\t<\/span>\n\t\t\t\t\t\t\t\t<\/span>\n\t\t\t\t\t<\/a>\n\t\t\t\t<\/div>\n\t\t\t\t\t\t\t\t<\/div>\n\t\t\t\t<\/div>\n\t\t\t\t\t<\/div>\n\t\t<\/div>\n\t\t\t\t<div class=\"elementor-column elementor-col-50 elementor-inner-column elementor-element elementor-element-f16e660\" data-id=\"f16e660\" data-element_type=\"column\" data-e-type=\"column\">\n\t\t\t<div class=\"elementor-widget-wrap elementor-element-populated\">\n\t\t\t\t\t\t<div class=\"elementor-element elementor-element-d93ce6d elementor-align-center elementor-widget elementor-widget-button\" data-id=\"d93ce6d\" data-element_type=\"widget\" data-e-type=\"widget\" data-widget_type=\"button.default\">\n\t\t\t\t<div class=\"elementor-widget-container\">\n\t\t\t\t\t\t\t\t\t<div class=\"elementor-button-wrapper\">\n\t\t\t\t\t<a class=\"elementor-button elementor-button-link elementor-size-md\" href=\"https:\/\/music.apple.com\/mx\/album\/impresiones-porte%C3%B1as-feat-ariel-pirotti\/1447190804\">\n\t\t\t\t\t\t<span class=\"elementor-button-content-wrapper\">\n\t\t\t\t\t\t<span class=\"elementor-button-icon\">\n\t\t\t\t<i aria-hidden=\"true\" class=\"fab fa-apple\"><\/i>\t\t\t<\/span>\n\t\t\t\t\t\t\t\t<\/span>\n\t\t\t\t\t<\/a>\n\t\t\t\t<\/div>\n\t\t\t\t\t\t\t\t<\/div>\n\t\t\t\t<\/div>\n\t\t\t\t\t<\/div>\n\t\t<\/div>\n\t\t\t\t\t<\/div>\n\t\t<\/section>\n\t\t\t\t\t<\/div>\n\t\t<\/div>\n\t\t\t\t\t<\/div>\n\t\t<\/section>\n\t\t\t\t<\/div>","protected":false},"excerpt":{"rendered":"<p>Artista: Orquesta de Tango de la UNA T\u00edtulo: Impresiones Porte\u00f1as Lanzamiento: enero 1, 2019 Sello: Epsa Music Formato: CD Impresiones Porte\u00f1as La Orquesta de Tango de la UNA lanz\u00f3 su trabajo discogr\u00e1fico Impresiones Porte\u00f1as a fines de diciembre de 2018. Mientras se aguarda la pr\u00f3xima salida del CD f\u00edsico, el material ya est\u00e1 disponible en&#8230;<\/p>\n<p><a rel=\"bookmark\" class=\"decibel-button-text wvc-button wvc-button-size-sm\" href=\"https:\/\/arielpirotti.com\/en\/discografia\/disco-impresiones-portenas\/\"><small class=\"wvc-button-background-fill\"><\/small><span>continue reading<\/span><\/a><\/p>","protected":false},"author":3,"featured_media":1100,"parent":2260,"menu_order":0,"comment_status":"closed","ping_status":"closed","template":"","meta":{"footnotes":""},"class_list":{"0":"post-2283","1":"page","2":"type-page","3":"status-publish","4":"has-post-thumbnail","5":"hentry","6":"entry","7":"clearfix","8":"entry-grid","9":"entry-columns-default","10":"entry-page-module-layout-standard","11":"thumbnail-color-tone-dark","12":"entry-page","14":"entry-page-grid"},"_links":{"self":[{"href":"https:\/\/arielpirotti.com\/en\/wp-json\/wp\/v2\/pages\/2283","targetHints":{"allow":["GET"]}}],"collection":[{"href":"https:\/\/arielpirotti.com\/en\/wp-json\/wp\/v2\/pages"}],"about":[{"href":"https:\/\/arielpirotti.com\/en\/wp-json\/wp\/v2\/types\/page"}],"author":[{"embeddable":true,"href":"https:\/\/arielpirotti.com\/en\/wp-json\/wp\/v2\/users\/3"}],"replies":[{"embeddable":true,"href":"https:\/\/arielpirotti.com\/en\/wp-json\/wp\/v2\/comments?post=2283"}],"version-history":[{"count":12,"href":"https:\/\/arielpirotti.com\/en\/wp-json\/wp\/v2\/pages\/2283\/revisions"}],"predecessor-version":[{"id":13180,"href":"https:\/\/arielpirotti.com\/en\/wp-json\/wp\/v2\/pages\/2283\/revisions\/13180"}],"up":[{"embeddable":true,"href":"https:\/\/arielpirotti.com\/en\/wp-json\/wp\/v2\/pages\/2260"}],"wp:featuredmedia":[{"embeddable":true,"href":"https:\/\/arielpirotti.com\/en\/wp-json\/wp\/v2\/media\/1100"}],"wp:attachment":[{"href":"https:\/\/arielpirotti.com\/en\/wp-json\/wp\/v2\/media?parent=2283"}],"curies":[{"name":"wp","href":"https:\/\/api.w.org\/{rel}","templated":true}]}}