{"id":2289,"date":"2021-11-10T08:24:40","date_gmt":"2021-11-10T11:24:40","guid":{"rendered":"https:\/\/arielpirotti.com\/?page_id=2289"},"modified":"2023-11-28T12:04:51","modified_gmt":"2023-11-28T15:04:51","slug":"disco-mixturas","status":"publish","type":"page","link":"https:\/\/arielpirotti.com\/en\/discografia\/disco-mixturas\/","title":{"rendered":"Mixturas"},"content":{"rendered":"<div data-elementor-type=\"wp-page\" data-elementor-id=\"2289\" class=\"elementor elementor-2289\">\n\t\t\t\t\t\t<section class=\"elementor-section elementor-top-section elementor-element elementor-element-5287eca elementor-section-boxed elementor-section-height-default elementor-section-height-default\" data-id=\"5287eca\" data-element_type=\"section\" data-e-type=\"section\">\n\t\t\t\t\t\t<div class=\"elementor-container elementor-column-gap-extended\">\n\t\t\t\t\t<div class=\"elementor-column elementor-col-50 elementor-top-column elementor-element elementor-element-6a5680f\" data-id=\"6a5680f\" data-element_type=\"column\" data-e-type=\"column\">\n\t\t\t<div class=\"elementor-widget-wrap elementor-element-populated\">\n\t\t\t\t\t\t<div class=\"elementor-element elementor-element-1def204 elementor-widget elementor-widget-image\" data-id=\"1def204\" data-element_type=\"widget\" data-e-type=\"widget\" data-widget_type=\"image.default\">\n\t\t\t\t<div class=\"elementor-widget-container\">\n\t\t\t\t\t\t\t\t\t\t\t\t\t\t\t<img fetchpriority=\"high\" decoding=\"async\" width=\"768\" height=\"768\" src=\"https:\/\/arielpirotti.com\/wp-content\/uploads\/2015\/02\/MIXTURAS-768x768.jpg\" class=\"attachment-medium_large size-medium_large wp-image-725\" alt=\"\" srcset=\"https:\/\/arielpirotti.com\/wp-content\/uploads\/2015\/02\/MIXTURAS-768x768.jpg 768w, https:\/\/arielpirotti.com\/wp-content\/uploads\/2015\/02\/MIXTURAS-300x300.jpg 300w, https:\/\/arielpirotti.com\/wp-content\/uploads\/2015\/02\/MIXTURAS-100x100.jpg 100w, https:\/\/arielpirotti.com\/wp-content\/uploads\/2015\/02\/MIXTURAS-600x600.jpg 600w, https:\/\/arielpirotti.com\/wp-content\/uploads\/2015\/02\/MIXTURAS-150x150.jpg 150w, https:\/\/arielpirotti.com\/wp-content\/uploads\/2015\/02\/MIXTURAS-1024x1024.jpg 1024w, https:\/\/arielpirotti.com\/wp-content\/uploads\/2015\/02\/MIXTURAS-370x370.jpg 370w, https:\/\/arielpirotti.com\/wp-content\/uploads\/2015\/02\/MIXTURAS-360x360.jpg 360w, https:\/\/arielpirotti.com\/wp-content\/uploads\/2015\/02\/MIXTURAS-960x960.jpg 960w, https:\/\/arielpirotti.com\/wp-content\/uploads\/2015\/02\/MIXTURAS-80x80.jpg 80w, https:\/\/arielpirotti.com\/wp-content\/uploads\/2015\/02\/elementor\/thumbs\/MIXTURAS-no787ikw5kdl0errnan2d6g9jtrgtmssb4rwmt4wps.jpg 400w, https:\/\/arielpirotti.com\/wp-content\/uploads\/2015\/02\/MIXTURAS.jpg 1505w\" sizes=\"(max-width: 768px) 100vw, 768px\" \/>\t\t\t\t\t\t\t\t\t\t\t\t\t\t\t<\/div>\n\t\t\t\t<\/div>\n\t\t\t\t<div class=\"elementor-element elementor-element-b6c3bb8 elementor-widget elementor-widget-spacer\" data-id=\"b6c3bb8\" data-element_type=\"widget\" data-e-type=\"widget\" data-widget_type=\"spacer.default\">\n\t\t\t\t<div class=\"elementor-widget-container\">\n\t\t\t\t\t\t\t<div class=\"elementor-spacer\">\n\t\t\t<div class=\"elementor-spacer-inner\"><\/div>\n\t\t<\/div>\n\t\t\t\t\t\t<\/div>\n\t\t\t\t<\/div>\n\t\t\t\t<div class=\"elementor-element elementor-element-07e5d55 elementor-widget elementor-widget-heading\" data-id=\"07e5d55\" data-element_type=\"widget\" data-e-type=\"widget\" data-widget_type=\"heading.default\">\n\t\t\t\t<div class=\"elementor-widget-container\">\n\t\t\t\t\t<p class=\"elementor-heading-title elementor-size-default\"><b>Artist:<\/b> Orquesta de Tango de la UNA<\/p>\t\t\t\t<\/div>\n\t\t\t\t<\/div>\n\t\t\t\t<div class=\"elementor-element elementor-element-1551a54 elementor-widget elementor-widget-heading\" data-id=\"1551a54\" data-element_type=\"widget\" data-e-type=\"widget\" data-widget_type=\"heading.default\">\n\t\t\t\t<div class=\"elementor-widget-container\">\n\t\t\t\t\t<p class=\"elementor-heading-title elementor-size-default\"><b>Title:<\/b> Mixturas<\/p>\t\t\t\t<\/div>\n\t\t\t\t<\/div>\n\t\t\t\t<div class=\"elementor-element elementor-element-3658964 elementor-widget elementor-widget-heading\" data-id=\"3658964\" data-element_type=\"widget\" data-e-type=\"widget\" data-widget_type=\"heading.default\">\n\t\t\t\t<div class=\"elementor-widget-container\">\n\t\t\t\t\t<p class=\"elementor-heading-title elementor-size-default\"><b>Release Date:<\/b> December 1, 2015<\/p>\t\t\t\t<\/div>\n\t\t\t\t<\/div>\n\t\t\t\t<div class=\"elementor-element elementor-element-06ecee4 elementor-widget elementor-widget-heading\" data-id=\"06ecee4\" data-element_type=\"widget\" data-e-type=\"widget\" data-widget_type=\"heading.default\">\n\t\t\t\t<div class=\"elementor-widget-container\">\n\t\t\t\t\t<p class=\"elementor-heading-title elementor-size-default\"><b>Label<\/b> Epsa Music<\/p>\t\t\t\t<\/div>\n\t\t\t\t<\/div>\n\t\t\t\t<div class=\"elementor-element elementor-element-29f5483 elementor-widget elementor-widget-heading\" data-id=\"29f5483\" data-element_type=\"widget\" data-e-type=\"widget\" data-widget_type=\"heading.default\">\n\t\t\t\t<div class=\"elementor-widget-container\">\n\t\t\t\t\t<p class=\"elementor-heading-title elementor-size-default\"><b>Format<\/b> CD<\/p>\t\t\t\t<\/div>\n\t\t\t\t<\/div>\n\t\t\t\t\t<\/div>\n\t\t<\/div>\n\t\t\t\t<div class=\"elementor-column elementor-col-50 elementor-top-column elementor-element elementor-element-fa3b83a\" data-id=\"fa3b83a\" data-element_type=\"column\" data-e-type=\"column\">\n\t\t\t<div class=\"elementor-widget-wrap elementor-element-populated\">\n\t\t\t\t\t\t<div class=\"elementor-element elementor-element-f581184 elementor-widget elementor-widget-heading\" data-id=\"f581184\" data-element_type=\"widget\" data-e-type=\"widget\" data-widget_type=\"heading.default\">\n\t\t\t\t<div class=\"elementor-widget-container\">\n\t\t\t\t\t<h2 class=\"elementor-heading-title elementor-size-default\">Mixturas<\/h2>\t\t\t\t<\/div>\n\t\t\t\t<\/div>\n\t\t\t\t<div class=\"elementor-element elementor-element-7ab436e elementor-widget elementor-widget-heading\" data-id=\"7ab436e\" data-element_type=\"widget\" data-e-type=\"widget\" data-widget_type=\"heading.default\">\n\t\t\t\t<div class=\"elementor-widget-container\">\n\t\t\t\t\t<p class=\"elementor-heading-title elementor-size-default\">The album was nominated for the Latin Grammy 2017 as Best Tango album.This orchestra, integrated by young musicians, tries to evoke the sonority of the great typical orchestras that flourished in the Tango golden years, from a renovating style with its arrangements and interpretations. These are the cases of \u201cGarua\u201d, \u201cPor la vuelta\u201d, \u201cUn Momento\u201d, famous titles of the rich musical and poetic citizen heritage.<\/p>\t\t\t\t<\/div>\n\t\t\t\t<\/div>\n\t\t\t\t<div class=\"elementor-element elementor-element-a810b30 elementor-widget elementor-widget-heading\" data-id=\"a810b30\" data-element_type=\"widget\" data-e-type=\"widget\" data-widget_type=\"heading.default\">\n\t\t\t\t<div class=\"elementor-widget-container\">\n\t\t\t\t\t<p class=\"elementor-heading-title elementor-size-default\">The album was nominated for the Latin Grammy 2017 as Best Tango album.This orchestra, integrated by young musicians, tries to evoke the sonority of the great typical orchestras that flourished in the Tango golden years, from a renovating style with its arrangements and interpretations. These are the cases of \u201cGarua\u201d, \u201cPor la vuelta\u201d, \u201cUn Momento\u201d, famous titles of the rich musical and poetic citizen heritage.\nIn \u201cTres casi Tangos\u201d , Roque de Pedro combines elements of the music of Buenos Aires, with formal treatments of academic music, blurring the margins and thus outlining the influence and mutual enrichment between academic music and popular music.\n\n <\/p>\t\t\t\t<\/div>\n\t\t\t\t<\/div>\n\t\t\t\t<section class=\"elementor-section elementor-inner-section elementor-element elementor-element-26fe317 elementor-section-boxed elementor-section-height-default elementor-section-height-default\" data-id=\"26fe317\" data-element_type=\"section\" data-e-type=\"section\">\n\t\t\t\t\t\t<div class=\"elementor-container elementor-column-gap-default\">\n\t\t\t\t\t<div class=\"elementor-column elementor-col-50 elementor-inner-column elementor-element elementor-element-abc6ec7\" data-id=\"abc6ec7\" data-element_type=\"column\" data-e-type=\"column\">\n\t\t\t<div class=\"elementor-widget-wrap elementor-element-populated\">\n\t\t\t\t\t\t<div class=\"elementor-element elementor-element-26b3f75 elementor-align-center elementor-widget elementor-widget-button\" data-id=\"26b3f75\" data-element_type=\"widget\" data-e-type=\"widget\" data-widget_type=\"button.default\">\n\t\t\t\t<div class=\"elementor-widget-container\">\n\t\t\t\t\t\t\t\t\t<div class=\"elementor-button-wrapper\">\n\t\t\t\t\t<a class=\"elementor-button elementor-button-link elementor-size-md\" href=\"https:\/\/open.spotify.com\/album\/2FvAR7tjDct433zvqkLYOC?si=m28GkkfmTGOZoD9dWUJW4g\">\n\t\t\t\t\t\t<span class=\"elementor-button-content-wrapper\">\n\t\t\t\t\t\t<span class=\"elementor-button-icon\">\n\t\t\t\t<i aria-hidden=\"true\" class=\"fab fa-spotify\"><\/i>\t\t\t<\/span>\n\t\t\t\t\t\t\t\t<\/span>\n\t\t\t\t\t<\/a>\n\t\t\t\t<\/div>\n\t\t\t\t\t\t\t\t<\/div>\n\t\t\t\t<\/div>\n\t\t\t\t\t<\/div>\n\t\t<\/div>\n\t\t\t\t<div class=\"elementor-column elementor-col-50 elementor-inner-column elementor-element elementor-element-1c0c212\" data-id=\"1c0c212\" data-element_type=\"column\" data-e-type=\"column\">\n\t\t\t<div class=\"elementor-widget-wrap elementor-element-populated\">\n\t\t\t\t\t\t<div class=\"elementor-element elementor-element-3443941 elementor-align-center elementor-widget elementor-widget-button\" data-id=\"3443941\" data-element_type=\"widget\" data-e-type=\"widget\" data-widget_type=\"button.default\">\n\t\t\t\t<div class=\"elementor-widget-container\">\n\t\t\t\t\t\t\t\t\t<div class=\"elementor-button-wrapper\">\n\t\t\t\t\t<a class=\"elementor-button elementor-button-link elementor-size-md\" href=\"https:\/\/music.apple.com\/mx\/album\/mixturas-feat-ariel-pirotti\/1186959870\">\n\t\t\t\t\t\t<span class=\"elementor-button-content-wrapper\">\n\t\t\t\t\t\t<span class=\"elementor-button-icon\">\n\t\t\t\t<i aria-hidden=\"true\" class=\"fab fa-apple\"><\/i>\t\t\t<\/span>\n\t\t\t\t\t\t\t\t<\/span>\n\t\t\t\t\t<\/a>\n\t\t\t\t<\/div>\n\t\t\t\t\t\t\t\t<\/div>\n\t\t\t\t<\/div>\n\t\t\t\t\t<\/div>\n\t\t<\/div>\n\t\t\t\t\t<\/div>\n\t\t<\/section>\n\t\t\t\t\t<\/div>\n\t\t<\/div>\n\t\t\t\t\t<\/div>\n\t\t<\/section>\n\t\t\t\t<\/div>","protected":false},"excerpt":{"rendered":"<p>Artista: Orquesta de Tango de la UNA T\u00edtulo: Mixturas Lanzamiento: diciembre 1, 2015 Sello: Epsa Music Formato: CD Mixturas EL disco fue nominado al Lat\u00edn Grammy 2017 como Mejor disco de Tango. La presente formaci\u00f3n musical, integrada por j\u00f3venes m\u00fasicos, intenta evocar la sonoridad de las grandes orquestas t\u00edpicas que florecieron en los a\u00f1os dorados&#8230;<\/p>\n<p><a rel=\"bookmark\" class=\"decibel-button-text wvc-button wvc-button-size-sm\" href=\"https:\/\/arielpirotti.com\/en\/discografia\/disco-mixturas\/\"><small class=\"wvc-button-background-fill\"><\/small><span>continue reading<\/span><\/a><\/p>","protected":false},"author":3,"featured_media":725,"parent":2260,"menu_order":0,"comment_status":"closed","ping_status":"closed","template":"","meta":{"footnotes":""},"class_list":{"0":"post-2289","1":"page","2":"type-page","3":"status-publish","4":"has-post-thumbnail","5":"hentry","6":"entry","7":"clearfix","8":"entry-grid","9":"entry-columns-default","10":"entry-page-module-layout-standard","11":"thumbnail-color-tone-dark","12":"entry-page","14":"entry-page-grid"},"_links":{"self":[{"href":"https:\/\/arielpirotti.com\/en\/wp-json\/wp\/v2\/pages\/2289","targetHints":{"allow":["GET"]}}],"collection":[{"href":"https:\/\/arielpirotti.com\/en\/wp-json\/wp\/v2\/pages"}],"about":[{"href":"https:\/\/arielpirotti.com\/en\/wp-json\/wp\/v2\/types\/page"}],"author":[{"embeddable":true,"href":"https:\/\/arielpirotti.com\/en\/wp-json\/wp\/v2\/users\/3"}],"replies":[{"embeddable":true,"href":"https:\/\/arielpirotti.com\/en\/wp-json\/wp\/v2\/comments?post=2289"}],"version-history":[{"count":12,"href":"https:\/\/arielpirotti.com\/en\/wp-json\/wp\/v2\/pages\/2289\/revisions"}],"predecessor-version":[{"id":13186,"href":"https:\/\/arielpirotti.com\/en\/wp-json\/wp\/v2\/pages\/2289\/revisions\/13186"}],"up":[{"embeddable":true,"href":"https:\/\/arielpirotti.com\/en\/wp-json\/wp\/v2\/pages\/2260"}],"wp:featuredmedia":[{"embeddable":true,"href":"https:\/\/arielpirotti.com\/en\/wp-json\/wp\/v2\/media\/725"}],"wp:attachment":[{"href":"https:\/\/arielpirotti.com\/en\/wp-json\/wp\/v2\/media?parent=2289"}],"curies":[{"name":"wp","href":"https:\/\/api.w.org\/{rel}","templated":true}]}}