{"id":2535,"date":"2021-11-16T15:52:21","date_gmt":"2021-11-16T18:52:21","guid":{"rendered":"https:\/\/arielpirotti.com\/?page_id=2535"},"modified":"2023-11-28T12:03:48","modified_gmt":"2023-11-28T15:03:48","slug":"disco-estacion-piazzolla","status":"publish","type":"page","link":"https:\/\/arielpirotti.com\/en\/discografia\/disco-estacion-piazzolla\/","title":{"rendered":"Estaci\u00f3n Piazzolla"},"content":{"rendered":"<div data-elementor-type=\"wp-page\" data-elementor-id=\"2535\" class=\"elementor elementor-2535\">\n\t\t\t\t\t\t<section class=\"elementor-section elementor-top-section elementor-element elementor-element-9060da0 elementor-section-boxed elementor-section-height-default elementor-section-height-default\" data-id=\"9060da0\" data-element_type=\"section\" data-e-type=\"section\">\n\t\t\t\t\t\t<div class=\"elementor-container elementor-column-gap-extended\">\n\t\t\t\t\t<div class=\"elementor-column elementor-col-50 elementor-top-column elementor-element elementor-element-3ec94d6\" data-id=\"3ec94d6\" data-element_type=\"column\" data-e-type=\"column\">\n\t\t\t<div class=\"elementor-widget-wrap elementor-element-populated\">\n\t\t\t\t\t\t<div class=\"elementor-element elementor-element-3f5c1b2 elementor-widget elementor-widget-image\" data-id=\"3f5c1b2\" data-element_type=\"widget\" data-e-type=\"widget\" data-widget_type=\"image.default\">\n\t\t\t\t<div class=\"elementor-widget-container\">\n\t\t\t\t\t\t\t\t\t\t\t\t\t\t\t<img fetchpriority=\"high\" decoding=\"async\" width=\"768\" height=\"768\" src=\"https:\/\/arielpirotti.com\/wp-content\/uploads\/2021\/11\/Estacion-Piazzolla-portada-para-plataforma-digital-RGB-768x768.jpg\" class=\"attachment-medium_large size-medium_large wp-image-2537\" alt=\"\" srcset=\"https:\/\/arielpirotti.com\/wp-content\/uploads\/2021\/11\/Estacion-Piazzolla-portada-para-plataforma-digital-RGB-768x768.jpg 768w, https:\/\/arielpirotti.com\/wp-content\/uploads\/2021\/11\/Estacion-Piazzolla-portada-para-plataforma-digital-RGB-scaled-300x300.jpg 300w, https:\/\/arielpirotti.com\/wp-content\/uploads\/2021\/11\/Estacion-Piazzolla-portada-para-plataforma-digital-RGB-scaled-100x100.jpg 100w, https:\/\/arielpirotti.com\/wp-content\/uploads\/2021\/11\/Estacion-Piazzolla-portada-para-plataforma-digital-RGB-600x600.jpg 600w, https:\/\/arielpirotti.com\/wp-content\/uploads\/2021\/11\/Estacion-Piazzolla-portada-para-plataforma-digital-RGB-1024x1024.jpg 1024w, https:\/\/arielpirotti.com\/wp-content\/uploads\/2021\/11\/Estacion-Piazzolla-portada-para-plataforma-digital-RGB-260x260.jpg 260w, https:\/\/arielpirotti.com\/wp-content\/uploads\/2021\/11\/Estacion-Piazzolla-portada-para-plataforma-digital-RGB-1536x1536.jpg 1536w, https:\/\/arielpirotti.com\/wp-content\/uploads\/2021\/11\/Estacion-Piazzolla-portada-para-plataforma-digital-RGB-2048x2048.jpg 2048w, https:\/\/arielpirotti.com\/wp-content\/uploads\/2021\/11\/Estacion-Piazzolla-portada-para-plataforma-digital-RGB-12x12.jpg 12w, https:\/\/arielpirotti.com\/wp-content\/uploads\/2021\/11\/Estacion-Piazzolla-portada-para-plataforma-digital-RGB-570x570.jpg 570w, https:\/\/arielpirotti.com\/wp-content\/uploads\/2021\/11\/Estacion-Piazzolla-portada-para-plataforma-digital-RGB-500x500.jpg 500w, https:\/\/arielpirotti.com\/wp-content\/uploads\/2021\/11\/Estacion-Piazzolla-portada-para-plataforma-digital-RGB-550x550.jpg 550w, https:\/\/arielpirotti.com\/wp-content\/uploads\/2021\/11\/Estacion-Piazzolla-portada-para-plataforma-digital-RGB-700x700.jpg 700w, https:\/\/arielpirotti.com\/wp-content\/uploads\/2021\/11\/elementor\/thumbs\/Estacion-Piazzolla-portada-para-plataforma-digital-RGB-scaled-pg5tu4sybuzd8ig86ynqpm9jiymno8ancbxu5nm65c.jpg 400w, https:\/\/arielpirotti.com\/wp-content\/uploads\/2021\/11\/Estacion-Piazzolla-portada-para-plataforma-digital-RGB-2000x2000.jpg 2000w\" sizes=\"(max-width: 768px) 100vw, 768px\" \/>\t\t\t\t\t\t\t\t\t\t\t\t\t\t\t<\/div>\n\t\t\t\t<\/div>\n\t\t\t\t<div class=\"elementor-element elementor-element-508dd2a elementor-widget elementor-widget-spacer\" data-id=\"508dd2a\" data-element_type=\"widget\" data-e-type=\"widget\" data-widget_type=\"spacer.default\">\n\t\t\t\t<div class=\"elementor-widget-container\">\n\t\t\t\t\t\t\t<div class=\"elementor-spacer\">\n\t\t\t<div class=\"elementor-spacer-inner\"><\/div>\n\t\t<\/div>\n\t\t\t\t\t\t<\/div>\n\t\t\t\t<\/div>\n\t\t\t\t<div class=\"elementor-element elementor-element-436ec45 elementor-widget elementor-widget-heading\" data-id=\"436ec45\" data-element_type=\"widget\" data-e-type=\"widget\" data-widget_type=\"heading.default\">\n\t\t\t\t<div class=\"elementor-widget-container\">\n\t\t\t\t\t<p class=\"elementor-heading-title elementor-size-default\"><b>Artist:<\/b> Ariel Pirotti<\/p>\t\t\t\t<\/div>\n\t\t\t\t<\/div>\n\t\t\t\t<div class=\"elementor-element elementor-element-9a3aff1 elementor-widget elementor-widget-heading\" data-id=\"9a3aff1\" data-element_type=\"widget\" data-e-type=\"widget\" data-widget_type=\"heading.default\">\n\t\t\t\t<div class=\"elementor-widget-container\">\n\t\t\t\t\t<p class=\"elementor-heading-title elementor-size-default\"><b>Title:<\/b> Estacion Piazzolla<\/p>\t\t\t\t<\/div>\n\t\t\t\t<\/div>\n\t\t\t\t<div class=\"elementor-element elementor-element-10ae239 elementor-widget elementor-widget-heading\" data-id=\"10ae239\" data-element_type=\"widget\" data-e-type=\"widget\" data-widget_type=\"heading.default\">\n\t\t\t\t<div class=\"elementor-widget-container\">\n\t\t\t\t\t<p class=\"elementor-heading-title elementor-size-default\"><b>Release Date:<\/b> Abril 10, 2021<\/p>\t\t\t\t<\/div>\n\t\t\t\t<\/div>\n\t\t\t\t<div class=\"elementor-element elementor-element-bea97a6 elementor-widget elementor-widget-heading\" data-id=\"bea97a6\" data-element_type=\"widget\" data-e-type=\"widget\" data-widget_type=\"heading.default\">\n\t\t\t\t<div class=\"elementor-widget-container\">\n\t\t\t\t\t<p class=\"elementor-heading-title elementor-size-default\"><b>Label<\/b> HABITAR<\/p>\t\t\t\t<\/div>\n\t\t\t\t<\/div>\n\t\t\t\t<div class=\"elementor-element elementor-element-6ef1038 elementor-widget elementor-widget-heading\" data-id=\"6ef1038\" data-element_type=\"widget\" data-e-type=\"widget\" data-widget_type=\"heading.default\">\n\t\t\t\t<div class=\"elementor-widget-container\">\n\t\t\t\t\t<p class=\"elementor-heading-title elementor-size-default\"><b>Format<\/b> CD<\/p>\t\t\t\t<\/div>\n\t\t\t\t<\/div>\n\t\t\t\t\t<\/div>\n\t\t<\/div>\n\t\t\t\t<div class=\"elementor-column elementor-col-50 elementor-top-column elementor-element elementor-element-bb33e8d\" data-id=\"bb33e8d\" data-element_type=\"column\" data-e-type=\"column\">\n\t\t\t<div class=\"elementor-widget-wrap elementor-element-populated\">\n\t\t\t\t\t\t<div class=\"elementor-element elementor-element-ad52aef elementor-widget elementor-widget-heading\" data-id=\"ad52aef\" data-element_type=\"widget\" data-e-type=\"widget\" data-widget_type=\"heading.default\">\n\t\t\t\t<div class=\"elementor-widget-container\">\n\t\t\t\t\t<h2 class=\"elementor-heading-title elementor-size-default\">Estaci\u00f3n Piazzolla<\/h2>\t\t\t\t<\/div>\n\t\t\t\t<\/div>\n\t\t\t\t<div class=\"elementor-element elementor-element-d773018 elementor-widget elementor-widget-heading\" data-id=\"d773018\" data-element_type=\"widget\" data-e-type=\"widget\" data-widget_type=\"heading.default\">\n\t\t\t\t<div class=\"elementor-widget-container\">\n\t\t\t\t\t<p class=\"elementor-heading-title elementor-size-default\">La met\u00e1fora del trayecto y las estaciones del tren nos invitan a enlazar pasado, presente y a pensar en el futuro del Tango. \n\nSi imaginamos un tren que circula sobre los rieles de la historia del Tango, cuyo itinerario esta enhebrado por diferentes paradas o estaciones, la \u201cEstaci\u00f3n Piazzolla\u201d seria sin dudas un punto neur\u00e1lgico del trayecto, all\u00ed donde convergen tradici\u00f3n y originalidad.  <\/p>\t\t\t\t<\/div>\n\t\t\t\t<\/div>\n\t\t\t\t<section class=\"elementor-section elementor-inner-section elementor-element elementor-element-234cd62 elementor-section-boxed elementor-section-height-default elementor-section-height-default\" data-id=\"234cd62\" data-element_type=\"section\" data-e-type=\"section\">\n\t\t\t\t\t\t<div class=\"elementor-container elementor-column-gap-default\">\n\t\t\t\t\t<div class=\"elementor-column elementor-col-50 elementor-inner-column elementor-element elementor-element-7e1e9ab\" data-id=\"7e1e9ab\" data-element_type=\"column\" data-e-type=\"column\">\n\t\t\t<div class=\"elementor-widget-wrap elementor-element-populated\">\n\t\t\t\t\t\t<div class=\"elementor-element elementor-element-bb4f07c elementor-align-center elementor-widget elementor-widget-button\" data-id=\"bb4f07c\" data-element_type=\"widget\" data-e-type=\"widget\" data-widget_type=\"button.default\">\n\t\t\t\t<div class=\"elementor-widget-container\">\n\t\t\t\t\t\t\t\t\t<div class=\"elementor-button-wrapper\">\n\t\t\t\t\t<a class=\"elementor-button elementor-button-link elementor-size-md\" href=\"https:\/\/open.spotify.com\/album\/3A63X8vtg4FW0AsGKPVlkS?si=bxrlkgS_SyOPATpD7FtQTA\">\n\t\t\t\t\t\t<span class=\"elementor-button-content-wrapper\">\n\t\t\t\t\t\t<span class=\"elementor-button-icon\">\n\t\t\t\t<i aria-hidden=\"true\" class=\"fab fa-spotify\"><\/i>\t\t\t<\/span>\n\t\t\t\t\t\t\t\t<\/span>\n\t\t\t\t\t<\/a>\n\t\t\t\t<\/div>\n\t\t\t\t\t\t\t\t<\/div>\n\t\t\t\t<\/div>\n\t\t\t\t\t<\/div>\n\t\t<\/div>\n\t\t\t\t<div class=\"elementor-column elementor-col-50 elementor-inner-column elementor-element elementor-element-6aca755\" data-id=\"6aca755\" data-element_type=\"column\" data-e-type=\"column\">\n\t\t\t<div class=\"elementor-widget-wrap elementor-element-populated\">\n\t\t\t\t\t\t<div class=\"elementor-element elementor-element-92eeac8 elementor-align-center elementor-widget elementor-widget-button\" data-id=\"92eeac8\" data-element_type=\"widget\" data-e-type=\"widget\" data-widget_type=\"button.default\">\n\t\t\t\t<div class=\"elementor-widget-container\">\n\t\t\t\t\t\t\t\t\t<div class=\"elementor-button-wrapper\">\n\t\t\t\t\t<a class=\"elementor-button elementor-button-link elementor-size-md\" href=\"https:\/\/music.apple.com\/mx\/album\/estaci%C3%B3n-piazzolla-ep\/1561893133\">\n\t\t\t\t\t\t<span class=\"elementor-button-content-wrapper\">\n\t\t\t\t\t\t<span class=\"elementor-button-icon\">\n\t\t\t\t<i aria-hidden=\"true\" class=\"fab fa-apple\"><\/i>\t\t\t<\/span>\n\t\t\t\t\t\t\t\t<\/span>\n\t\t\t\t\t<\/a>\n\t\t\t\t<\/div>\n\t\t\t\t\t\t\t\t<\/div>\n\t\t\t\t<\/div>\n\t\t\t\t\t<\/div>\n\t\t<\/div>\n\t\t\t\t\t<\/div>\n\t\t<\/section>\n\t\t\t\t\t<\/div>\n\t\t<\/div>\n\t\t\t\t\t<\/div>\n\t\t<\/section>\n\t\t\t\t<\/div>","protected":false},"excerpt":{"rendered":"<p>Artista: Ariel Pirotti T\u00edtulo: Estacion Piazzolla Lanzamiento: Abril 10, 2021 Sello: HABITAR Formato: CD Estaci\u00f3n Piazzolla La met\u00e1fora del trayecto y las estaciones del tren nos invitan a enlazar pasado, presente y a pensar en el futuro del Tango. Si imaginamos un tren que circula sobre los rieles de la historia del Tango, cuyo itinerario&#8230;<\/p>\n<p><a rel=\"bookmark\" class=\"decibel-button-text wvc-button wvc-button-size-sm\" href=\"https:\/\/arielpirotti.com\/en\/discografia\/disco-estacion-piazzolla\/\"><small class=\"wvc-button-background-fill\"><\/small><span>continue reading<\/span><\/a><\/p>","protected":false},"author":3,"featured_media":2537,"parent":2260,"menu_order":0,"comment_status":"closed","ping_status":"closed","template":"elementor_header_footer","meta":{"footnotes":""},"class_list":{"0":"post-2535","1":"page","2":"type-page","3":"status-publish","4":"has-post-thumbnail","5":"hentry","6":"entry","7":"clearfix","8":"entry-grid","9":"entry-columns-default","10":"entry-page-module-layout-standard","11":"thumbnail-color-tone-dark","12":"entry-page","14":"entry-page-grid"},"_links":{"self":[{"href":"https:\/\/arielpirotti.com\/en\/wp-json\/wp\/v2\/pages\/2535","targetHints":{"allow":["GET"]}}],"collection":[{"href":"https:\/\/arielpirotti.com\/en\/wp-json\/wp\/v2\/pages"}],"about":[{"href":"https:\/\/arielpirotti.com\/en\/wp-json\/wp\/v2\/types\/page"}],"author":[{"embeddable":true,"href":"https:\/\/arielpirotti.com\/en\/wp-json\/wp\/v2\/users\/3"}],"replies":[{"embeddable":true,"href":"https:\/\/arielpirotti.com\/en\/wp-json\/wp\/v2\/comments?post=2535"}],"version-history":[{"count":17,"href":"https:\/\/arielpirotti.com\/en\/wp-json\/wp\/v2\/pages\/2535\/revisions"}],"predecessor-version":[{"id":13177,"href":"https:\/\/arielpirotti.com\/en\/wp-json\/wp\/v2\/pages\/2535\/revisions\/13177"}],"up":[{"embeddable":true,"href":"https:\/\/arielpirotti.com\/en\/wp-json\/wp\/v2\/pages\/2260"}],"wp:featuredmedia":[{"embeddable":true,"href":"https:\/\/arielpirotti.com\/en\/wp-json\/wp\/v2\/media\/2537"}],"wp:attachment":[{"href":"https:\/\/arielpirotti.com\/en\/wp-json\/wp\/v2\/media?parent=2535"}],"curies":[{"name":"wp","href":"https:\/\/api.w.org\/{rel}","templated":true}]}}